{"id":1138,"date":"2020-11-13T12:52:19","date_gmt":"2020-11-13T10:52:19","guid":{"rendered":"http:\/\/www.escolamafalda.cat\/politica-de-cookies\/"},"modified":"2023-04-15T08:43:05","modified_gmt":"2023-04-15T06:43:05","slug":"politica-de-cookies","status":"publish","type":"page","link":"https:\/\/www.escolamafalda.cat\/es\/politica-de-cookies\/","title":{"rendered":"Pol\u00edtica de cookies"},"content":{"rendered":"\n<style type=\"text\/css\" data-created_by=\"avia_inline_auto\" id=\"style-css-av-kj757vjf-77ee56b070a403312b8c13e0728c66f1\">\n.avia-section.av-kj757vjf-77ee56b070a403312b8c13e0728c66f1{\nbackground-color:#f6f7fa;\nbackground-image:unset;\n}\n<\/style>\n<div id='av_section_1'  class='avia-section av-kj757vjf-77ee56b070a403312b8c13e0728c66f1 main_color avia-section-default avia-no-border-styling  avia-builder-el-0  el_before_av_one_full  avia-builder-el-first  avia-bg-style-scroll container_wrap sidebar_right'  ><div class='container av-section-cont-open' ><main  role=\"main\" itemprop=\"mainContentOfPage\"  class='template-page content  av-content-small alpha units'><div class='post-entry post-entry-type-page post-entry-1138'><div class='entry-content-wrapper clearfix'>\n\n<style type=\"text\/css\" data-created_by=\"avia_inline_auto\" id=\"style-css-av-kk8jpanh-b0d85223789049e79419512258162c6d\">\n#top .av-special-heading.av-kk8jpanh-b0d85223789049e79419512258162c6d{\npadding-bottom:10px;\n}\nbody .av-special-heading.av-kk8jpanh-b0d85223789049e79419512258162c6d .av-special-heading-tag .heading-char{\nfont-size:25px;\n}\n.av-special-heading.av-kk8jpanh-b0d85223789049e79419512258162c6d .av-subheading{\nfont-size:15px;\n}\n<\/style>\n<div  class='av-special-heading av-kk8jpanh-b0d85223789049e79419512258162c6d av-special-heading-h1 blockquote modern-quote  avia-builder-el-1  avia-builder-el-no-sibling '><h1 class='av-special-heading-tag '  itemprop=\"headline\"  >Pol\u00cdtica de cookies<\/h1><div class=\"special-heading-border\"><div class=\"special-heading-inner-border\"><\/div><\/div><\/div>\n<\/div><\/div><\/main><!-- close content main element --><\/div><\/div><div id='after_section_1'  class='main_color av_default_container_wrap container_wrap sidebar_right'  ><div class='container av-section-cont-open' ><div class='template-page content  av-content-small alpha units'><div class='post-entry post-entry-type-page post-entry-1138'><div class='entry-content-wrapper clearfix'>\n<style type=\"text\/css\" data-created_by=\"avia_inline_auto\" id=\"style-css-av-8jw7r-0daf6113135ad8239461a101f54b551c\">\n.flex_column.av-8jw7r-0daf6113135ad8239461a101f54b551c{\nborder-radius:0px 0px 0px 0px;\npadding:0px 0px 0px 0px;\n}\n<\/style>\n<div  class='flex_column av-8jw7r-0daf6113135ad8239461a101f54b551c av_one_full  avia-builder-el-2  el_after_av_section  avia-builder-el-no-sibling  first flex_column_div av-zero-column-padding  '     ><section  class='av_textblock_section av-kk8joc85-f5f049dd0d0105c0f0e95f453aa0237c '   itemscope=\"itemscope\" itemtype=\"https:\/\/schema.org\/CreativeWork\" ><div class='avia_textblock'  itemprop=\"text\" ><p><span style=\"font-weight: 400;\">Declaraci\u00f3n sobre uso de cookies<\/span><\/p>\n<p><span style=\"font-weight: 400;\">Una cookie es un peque\u00f1o archivo de texto que se instala en su terminal de ordenador (u otro dispositivo, como un tel\u00e9fono m\u00f3vil) a trav\u00e9s de los sitios web que usted visita.<\/span><\/p>\n<p><span style=\"font-weight: 400;\">Para qu\u00e9 se utilizan las cookies<\/span><\/p>\n<p><span style=\"font-weight: 400;\">Son ampliamente utilizados para conocer la actividad de los visitantes al sitio web, con el fin de mejorar el mismo a partir del almacenamiento y recuperaci\u00f3n de los datos de navegaci\u00f3n de los usuarios. Las cookies tambi\u00e9n se utilizan para proporcionar informaci\u00f3n sobre la navegaci\u00f3n de los usuarios a los propietarios de sitios web y sus colaboradores, con el fin de analizar el uso que realizan de la p\u00e1gina web y personalizar el contenido.<\/span><\/p>\n<p><span style=\"font-weight: 400;\">Informaci\u00f3n importante sobre c\u00f3mo utilizamos las cookies.<\/span><\/p>\n<p><span style=\"font-weight: 400;\">Se utilizan las cookies a efectos estad\u00edsticos, funcionales y para mejorar nuestros servicios a trav\u00e9s del an\u00e1lisis del uso que realizan los visitantes a nuestro sitio web, incluyendo el uso de nuestros servicios de banca por internet. En este \u00faltimo caso, podemos utilizar cookies para almacenar algunos datos de acceso, pero nunca las contrase\u00f1as. Las cookies hacen que sea m\u00e1s f\u00e1cil para el usuario conectarse, navegar y utilizar el sitio web en futuras visitas.<\/span><\/p>\n<p><span style=\"font-weight: 400;\">Algunos de los anunciantes y organizaciones de an\u00e1lisis web con los que se trabaja incorporan cookies en el ordenador del usuario a trav\u00e9s del presente sitio web. Nuestros sitios tambi\u00e9n pueden tener enlaces de redes sociales (como Facebook). Associaci\u00f3 Pedag\u00f2gica Mafalda no controla las cookies utilizadas por<\/span><\/p>\n<p><span style=\"font-weight: 400;\">estas web externas. Para m\u00e1s informaci\u00f3n sobre las cookies de las redes sociales u otras web ajenas, aconsejamos revisar sus propias pol\u00edticas de cookies.<\/span><\/p>\n<p><span style=\"font-weight: 400;\">Cookies propias<\/span><\/p>\n<p><span style=\"font-weight: 400;\">A continuaci\u00f3n se muestran las cookies que son fijadas por el sitio web y la finalidad para la que se utiliza cada una:<\/span><\/p>\n<ul>\n<li><span style=\"font-weight: 400;\"> Cookies t\u00e9cnicas: Las cookies t\u00e9cnicas son aquellas imprescindibles y estrictamente necesarias para el correcto funcionamiento de un portal web y la utilizaci\u00f3n de las diferentes opciones y servicios que ofrece. Por ejemplo, las que sirven para el mantenimiento de la sesi\u00f3n, la gesti\u00f3n del tiempo de respuesta, rendimiento o validaci\u00f3n de opciones, utilizar elementos de seguridad, compartir contenido con redes sociales, etc.<\/span><\/li>\n<\/ul>\n<ul>\n<li><span style=\"font-weight: 400;\"> Cookies de personalizaci\u00f3n: Estas cookies permiten al usuario especificar o personalizar algunas caracter\u00edsticas de las opciones generales de la p\u00e1gina web. Por ejemplo, definir el idioma, configuraci\u00f3n regional o tipo de navegador.<\/span><\/li>\n<\/ul>\n<p><span style=\"font-weight: 400;\">Cookies de terceros<\/span><\/p>\n<p><span style=\"font-weight: 400;\">Existen una serie de proveedores que establecen las cookies con el fin de proporcionar determinados servicios. Seguidamente se muestran cookies que se establecen por parte de terceros, los fines para los que se utilizan y los enlaces a p\u00e1ginas web donde se puede encontrar m\u00e1s informaci\u00f3n sobre las cookies:<\/span><\/p>\n<ul>\n<li><span style=\"font-weight: 400;\"> Cookies anal\u00edticas: Las cookies de Google Analytics se utilizan con el fin de analizar y medir c\u00f3mo los visitantes usan este sitio web. La informaci\u00f3n sirve para elaborar informes que permiten mejorar este sitio. Estas cookies recopilan informaci\u00f3n en forma an\u00f3nima, incluyendo el n\u00famero de visitantes al sitio, c\u00f3mo han llegado al mismo y las p\u00e1ginas que visit\u00f3 mientras navegaba en nuestro sitio web.<\/span><\/li>\n<\/ul>\n<p>https:\/\/www.google.com\/analytics\/learn\/privacy.html<\/p>\n<p><span style=\"font-weight: 400;\">Las cookies de Youtube se utilizan para contabilizar el n\u00famero de visualizaciones de los videos incrustados en otras web.<\/span><\/p>\n<p><span style=\"font-weight: 400;\">https:\/\/support.google.com\/youtube\/answer\/32050?hl=es-419<\/span><\/p>\n<ul>\n<li><span style=\"font-weight: 400;\"> Cookies t\u00e9cnicas: AddThis es una empresa tecnol\u00f3gica que permite a los sitios web y a sus usuarios compartir f\u00e1cilmente el contenido con los dem\u00e1s, a trav\u00e9s de iconos de intercambio y de los destinos de bookmarking social. Las cookies AddThis se utilizan con el fin de habilitar el contenido para ser compartido. AddThis tambi\u00e9n se utiliza para recopilar informaci\u00f3n sobre c\u00f3mo se comparte contenido del sitio web. Las cookies ayudan a identificar de forma \u00fanica a un usuario (aunque no de forma personal, sino en cuanto a direcci\u00f3n) para no repetir tareas dentro de un periodo de tiempo especificado. http:\/\/www.addthis.com\/privacy<\/span><\/li>\n<\/ul>\n<ul>\n<li><span style=\"font-weight: 400;\"> Cookies de personalizaci\u00f3n: Estas cookies permiten al usuario especificar o personalizar algunas caracter\u00edsticas de las opciones generales de la p\u00e1gina web. Por ejemplo, definir el idioma, configuraci\u00f3n regional o tipo de navegador.<\/span><\/li>\n<\/ul>\n<p><span style=\"font-weight: 400;\">&#8211; Addthis<\/span><\/p>\n<p><span style=\"font-weight: 400;\">&#8211; Facebook<\/span><\/p>\n<p><span style=\"font-weight: 400;\">&#8211; Google<\/span><\/p>\n<p><span style=\"font-weight: 400;\">&#8211; YouTube<\/span><\/p>\n<p><span style=\"font-weight: 400;\">C\u00f3mo desactivar las cookies<\/span><\/p>\n<p><span style=\"font-weight: 400;\">Para cumplir con la legislaci\u00f3n vigente, tenemos que pedir su permiso para gestionar cookies. Si decide no autorizar el tratamiento indic\u00e1ndonos su no conformidad, solo usar\u00edamos las cookies que son imprescindibles para la navegaci\u00f3n por nuestra web. En este caso, no almacenar\u00edamos ninguna cookie. En<\/span><\/p>\n<p><span style=\"font-weight: 400;\">el caso de seguir navegando por nuestro sitio web sin denegar su autorizaci\u00f3n implica que acepta su uso.<\/span><\/p>\n<p><span style=\"font-weight: 400;\">Tenga en cuenta que si rechaza o borra las cookies de navegaci\u00f3n, no podremos mantener sus preferencias, algunas caracter\u00edsticas de las p\u00e1ginas no estar\u00e1n operativas, no podremos ofrecerle servicios personalizados y cada vez que vaya a navegar por nuestra web tendremos que solicitarle de nuevo su autorizaci\u00f3n para el uso de cookies.<\/span><\/p>\n<p><span style=\"font-weight: 400;\">Puede modificar la configuraci\u00f3n de su acceso a la p\u00e1gina web. Debe saber que es posible eliminar las cookies o impedir que se registre esta informaci\u00f3n en su equipo en cualquier momento mediante la modificaci\u00f3n de los par\u00e1metros de configuraci\u00f3n de su navegador:<\/span><\/p>\n<ul>\n<li><span style=\"font-weight: 400;\">Configuraci\u00f3n de cookies de Internet Explorer:<\/span><\/li>\n<li><span style=\"font-weight: 400;\">Configuraci\u00f3n de cookies de Firefox<\/span><\/li>\n<li><span style=\"font-weight: 400;\">Configuraci\u00f3n de cookies de Google Chrome<\/span><\/li>\n<li><span style=\"font-weight: 400;\">Configuraci\u00f3n de cookies de Safari<\/span><\/li>\n<\/ul>\n<p><span style=\"font-weight: 400;\">Associaci\u00f3 Pedag\u00f2gica Mainada no es titular ni patrocina los enlaces indicados anteriormente, por lo que no asume responsabilidad alguna sobre su contenido ni sobre su actualizaci\u00f3n.<\/span><\/p>\n<p><span style=\"font-weight: 400;\">El usuario puede revocar su consentimiento para el uso de cookies en su navegador pulsando en los siguientes enlaces:<\/span><\/p>\n<p><span style=\"font-weight: 400;\">&#8211; Addthis<\/span><\/p>\n<p><span style=\"font-weight: 400;\">&#8211; Google Analytics<\/span><\/p>\n<p><span style=\"font-weight: 400;\">&#8211; YouTube<\/span><\/p>\n<p><span style=\"font-weight: 400;\">&#8211; Linkedin<\/span><\/p>\n<p><span style=\"font-weight: 400;\">&#8211; Google: A trav\u00e9s de los ajustes de cada navegador m\u00e1s arriba indicados para la desactivaci\u00f3n o eliminaci\u00f3n de cookies.<\/span><\/p>\n<p><span style=\"font-weight: 400;\">&#8211; Facebook: A trav\u00e9s de los ajustes de cada navegador m\u00e1s arriba indicados para la desactivaci\u00f3n o eliminaci\u00f3n de cookies.<\/span><\/p>\n<\/div><\/section><\/div><\/p>\n","protected":false},"excerpt":{"rendered":"","protected":false},"author":1,"featured_media":0,"parent":0,"menu_order":0,"comment_status":"closed","ping_status":"closed","template":"","meta":{"footnotes":""},"class_list":["post-1138","page","type-page","status-publish","hentry"],"yoast_head":"<!-- This site is optimized with the Yoast SEO plugin v27.4 - https:\/\/yoast.com\/product\/yoast-seo-wordpress\/ -->\n<title>Pol\u00edtica de cookies - Escola Mafalda<\/title>\n<meta name=\"robots\" content=\"index, follow, max-snippet:-1, max-image-preview:large, max-video-preview:-1\" \/>\n<link rel=\"canonical\" href=\"https:\/\/www.escolamafalda.cat\/es\/politica-de-cookies\/\" \/>\n<meta property=\"og:locale\" content=\"es_ES\" \/>\n<meta property=\"og:type\" content=\"article\" \/>\n<meta property=\"og:title\" content=\"Pol\u00edtica de cookies - Escola Mafalda\" \/>\n<meta property=\"og:url\" content=\"https:\/\/www.escolamafalda.cat\/es\/politica-de-cookies\/\" \/>\n<meta property=\"og:site_name\" content=\"Escola Mafalda\" \/>\n<meta property=\"article:modified_time\" content=\"2023-04-15T06:43:05+00:00\" \/>\n<meta name=\"twitter:card\" content=\"summary_large_image\" \/>\n<meta name=\"twitter:label1\" content=\"Tiempo de lectura\" \/>\n\t<meta name=\"twitter:data1\" content=\"6 minutos\" \/>\n<script type=\"application\/ld+json\" class=\"yoast-schema-graph\">{\"@context\":\"https:\\\/\\\/schema.org\",\"@graph\":[{\"@type\":\"WebPage\",\"@id\":\"https:\\\/\\\/www.escolamafalda.cat\\\/es\\\/politica-de-cookies\\\/\",\"url\":\"https:\\\/\\\/www.escolamafalda.cat\\\/es\\\/politica-de-cookies\\\/\",\"name\":\"Pol\u00edtica de cookies - Escola Mafalda\",\"isPartOf\":{\"@id\":\"https:\\\/\\\/www.escolamafalda.cat\\\/es\\\/#website\"},\"datePublished\":\"2020-11-13T10:52:19+00:00\",\"dateModified\":\"2023-04-15T06:43:05+00:00\",\"breadcrumb\":{\"@id\":\"https:\\\/\\\/www.escolamafalda.cat\\\/es\\\/politica-de-cookies\\\/#breadcrumb\"},\"inLanguage\":\"es\",\"potentialAction\":[{\"@type\":\"ReadAction\",\"target\":[\"https:\\\/\\\/www.escolamafalda.cat\\\/es\\\/politica-de-cookies\\\/\"]}]},{\"@type\":\"BreadcrumbList\",\"@id\":\"https:\\\/\\\/www.escolamafalda.cat\\\/es\\\/politica-de-cookies\\\/#breadcrumb\",\"itemListElement\":[{\"@type\":\"ListItem\",\"position\":1,\"name\":\"Inici\",\"item\":\"https:\\\/\\\/www.escolamafalda.cat\\\/es\\\/\"},{\"@type\":\"ListItem\",\"position\":2,\"name\":\"Pol\u00edtica de cookies\"}]},{\"@type\":\"WebSite\",\"@id\":\"https:\\\/\\\/www.escolamafalda.cat\\\/es\\\/#website\",\"url\":\"https:\\\/\\\/www.escolamafalda.cat\\\/es\\\/\",\"name\":\"Escola Mafalda\",\"description\":\"escola infantil autoritzada pel Departament d\u2019Ensenyament de la Generalitat de Catalunya\",\"potentialAction\":[{\"@type\":\"SearchAction\",\"target\":{\"@type\":\"EntryPoint\",\"urlTemplate\":\"https:\\\/\\\/www.escolamafalda.cat\\\/es\\\/?s={search_term_string}\"},\"query-input\":{\"@type\":\"PropertyValueSpecification\",\"valueRequired\":true,\"valueName\":\"search_term_string\"}}],\"inLanguage\":\"es\"}]}<\/script>\n<!-- \/ Yoast SEO plugin. -->","yoast_head_json":{"title":"Pol\u00edtica de cookies - Escola Mafalda","robots":{"index":"index","follow":"follow","max-snippet":"max-snippet:-1","max-image-preview":"max-image-preview:large","max-video-preview":"max-video-preview:-1"},"canonical":"https:\/\/www.escolamafalda.cat\/es\/politica-de-cookies\/","og_locale":"es_ES","og_type":"article","og_title":"Pol\u00edtica de cookies - Escola Mafalda","og_url":"https:\/\/www.escolamafalda.cat\/es\/politica-de-cookies\/","og_site_name":"Escola Mafalda","article_modified_time":"2023-04-15T06:43:05+00:00","twitter_card":"summary_large_image","twitter_misc":{"Tiempo de lectura":"6 minutos"},"schema":{"@context":"https:\/\/schema.org","@graph":[{"@type":"WebPage","@id":"https:\/\/www.escolamafalda.cat\/es\/politica-de-cookies\/","url":"https:\/\/www.escolamafalda.cat\/es\/politica-de-cookies\/","name":"Pol\u00edtica de cookies - Escola Mafalda","isPartOf":{"@id":"https:\/\/www.escolamafalda.cat\/es\/#website"},"datePublished":"2020-11-13T10:52:19+00:00","dateModified":"2023-04-15T06:43:05+00:00","breadcrumb":{"@id":"https:\/\/www.escolamafalda.cat\/es\/politica-de-cookies\/#breadcrumb"},"inLanguage":"es","potentialAction":[{"@type":"ReadAction","target":["https:\/\/www.escolamafalda.cat\/es\/politica-de-cookies\/"]}]},{"@type":"BreadcrumbList","@id":"https:\/\/www.escolamafalda.cat\/es\/politica-de-cookies\/#breadcrumb","itemListElement":[{"@type":"ListItem","position":1,"name":"Inici","item":"https:\/\/www.escolamafalda.cat\/es\/"},{"@type":"ListItem","position":2,"name":"Pol\u00edtica de cookies"}]},{"@type":"WebSite","@id":"https:\/\/www.escolamafalda.cat\/es\/#website","url":"https:\/\/www.escolamafalda.cat\/es\/","name":"Escola Mafalda","description":"escola infantil autoritzada pel Departament d\u2019Ensenyament de la Generalitat de Catalunya","potentialAction":[{"@type":"SearchAction","target":{"@type":"EntryPoint","urlTemplate":"https:\/\/www.escolamafalda.cat\/es\/?s={search_term_string}"},"query-input":{"@type":"PropertyValueSpecification","valueRequired":true,"valueName":"search_term_string"}}],"inLanguage":"es"}]}},"_links":{"self":[{"href":"https:\/\/www.escolamafalda.cat\/es\/wp-json\/wp\/v2\/pages\/1138","targetHints":{"allow":["GET"]}}],"collection":[{"href":"https:\/\/www.escolamafalda.cat\/es\/wp-json\/wp\/v2\/pages"}],"about":[{"href":"https:\/\/www.escolamafalda.cat\/es\/wp-json\/wp\/v2\/types\/page"}],"author":[{"embeddable":true,"href":"https:\/\/www.escolamafalda.cat\/es\/wp-json\/wp\/v2\/users\/1"}],"replies":[{"embeddable":true,"href":"https:\/\/www.escolamafalda.cat\/es\/wp-json\/wp\/v2\/comments?post=1138"}],"version-history":[{"count":8,"href":"https:\/\/www.escolamafalda.cat\/es\/wp-json\/wp\/v2\/pages\/1138\/revisions"}],"predecessor-version":[{"id":1281,"href":"https:\/\/www.escolamafalda.cat\/es\/wp-json\/wp\/v2\/pages\/1138\/revisions\/1281"}],"wp:attachment":[{"href":"https:\/\/www.escolamafalda.cat\/es\/wp-json\/wp\/v2\/media?parent=1138"}],"curies":[{"name":"wp","href":"https:\/\/api.w.org\/{rel}","templated":true}]}}