{"id":1180,"date":"2020-10-21T21:22:26","date_gmt":"2020-10-21T19:22:26","guid":{"rendered":"http:\/\/www.escolamafalda.cat\/contacte\/"},"modified":"2024-04-11T19:08:14","modified_gmt":"2024-04-11T17:08:14","slug":"contacto","status":"publish","type":"page","link":"https:\/\/www.escolamafalda.cat\/es\/contacto\/","title":{"rendered":"Contacto"},"content":{"rendered":"<div id='av_section_1'  class='avia-section av-2ct4y-b3a0017740c6310f295928bcf602ee35 main_color avia-section-default avia-no-border-styling  avia-builder-el-0  el_before_av_google_map  avia-builder-el-first  avia-bg-style-scroll container_wrap sidebar_right'  ><div class='container av-section-cont-open' ><main  role=\"main\" itemprop=\"mainContentOfPage\"  class='template-page content  av-content-small alpha units'><div class='post-entry post-entry-type-page post-entry-1180'><div class='entry-content-wrapper clearfix'>\n\n<style type=\"text\/css\" data-created_by=\"avia_inline_auto\" id=\"style-css-av-1jw0e-9b47384ef02ffd77e54996e067d4c887\">\n.flex_column.av-1jw0e-9b47384ef02ffd77e54996e067d4c887{\nborder-radius:0px 0px 0px 0px;\npadding:0px 0px 0px 0px;\n}\n<\/style>\n<div  class='flex_column av-1jw0e-9b47384ef02ffd77e54996e067d4c887 av_one_half  avia-builder-el-1  el_before_av_one_half  avia-builder-el-first  first flex_column_div av-zero-column-padding  '     ><p>\n<style type=\"text\/css\" data-created_by=\"avia_inline_auto\" id=\"style-css-av-1qq8a-104128fcdac218e1391c5d61f3599f28\">\n#top .av-special-heading.av-1qq8a-104128fcdac218e1391c5d61f3599f28{\npadding-bottom:10px;\n}\nbody .av-special-heading.av-1qq8a-104128fcdac218e1391c5d61f3599f28 .av-special-heading-tag .heading-char{\nfont-size:25px;\n}\n.av-special-heading.av-1qq8a-104128fcdac218e1391c5d61f3599f28 .av-subheading{\nfont-size:15px;\n}\n<\/style>\n<div  class='av-special-heading av-1qq8a-104128fcdac218e1391c5d61f3599f28 av-special-heading-h1 blockquote modern-quote  avia-builder-el-2  el_before_av_iconlist  avia-builder-el-first '><h1 class='av-special-heading-tag '  itemprop=\"headline\"  >Contacto<\/h1><div class=\"special-heading-border\"><div class=\"special-heading-inner-border\"><\/div><\/div><\/div><br \/>\n\n<style type=\"text\/css\" data-created_by=\"avia_inline_auto\" id=\"style-css-av-kj7fzqvr-cbce33cd1ab464b1a428b40861705393\">\n#top .avia-icon-list-container.av-kj7fzqvr-cbce33cd1ab464b1a428b40861705393 .iconlist_icon{\nbackground-color:#df1f1f;\n}\n<\/style>\n<div  class='avia-icon-list-container av-kj7fzqvr-cbce33cd1ab464b1a428b40861705393  avia-builder-el-3  el_after_av_heading  avia-builder-el-last '><ul class='avia-icon-list avia_animate_when_almost_visible avia-icon-list-left av-iconlist-big av-kj7fzqvr-cbce33cd1ab464b1a428b40861705393 avia-iconlist-animate'>\n<li><div class='iconlist_icon av-2grt2-a01e0e579e0a47f1ca2aee1839a3d4c5 avia-font-entypo-fontello avia-iconfont avia-font-entypo-fontello'><span class='av-icon-char' data-av_icon='\ue821' data-av_iconfont='entypo-fontello' aria-hidden=\"true\"><\/span><\/div><article class=\"article-icon-entry \"  itemscope=\"itemscope\" itemtype=\"https:\/\/schema.org\/CreativeWork\" ><div class=\"iconlist_content_wrap\"><header class=\"entry-content-header\" aria-label=\"Icon: \u00bfD\u00f3nde estamos?\"><h4 class='av_iconlist_title iconlist_title  '  itemprop=\"headline\" >\u00bfD\u00f3nde estamos?<\/h4><\/header><div class='iconlist_content '  itemprop=\"text\" ><p>Rambla Poblenou, 157-159 08018 Barcelona<\/p>\n<\/div><\/div><footer class=\"entry-footer\"><\/footer><\/article><div class=\"iconlist-timeline\"><\/div><\/li>\n<li><div class='iconlist_icon av-vrye-187aef685d9e4a393c9736ea2cd0918a avia-font-entypo-fontello avia-iconfont avia-font-entypo-fontello'><span class='av-icon-char' data-av_icon='\ue854' data-av_iconfont='entypo-fontello' aria-hidden=\"true\"><\/span><\/div><article class=\"article-icon-entry \"  itemscope=\"itemscope\" itemtype=\"https:\/\/schema.org\/CreativeWork\" ><div class=\"iconlist_content_wrap\"><header class=\"entry-content-header\" aria-label=\"Icon: \u00bfTe podemos ayudar?\"><h4 class='av_iconlist_title iconlist_title  '  itemprop=\"headline\" >\u00bfTe podemos ayudar?<\/h4><\/header><div class='iconlist_content '  itemprop=\"text\" ><p>Ll\u00e1manos:<a href=\"tel:934 85 24 47\"> 934 85 24 47<\/a><\/p>\n<\/div><\/div><footer class=\"entry-footer\"><\/footer><\/article><div class=\"iconlist-timeline\"><\/div><\/li>\n<li><div class='iconlist_icon av-1k212-f3bae74beea03dfe9f56bb9d0e9cbe39 avia-font-entypo-fontello avia-iconfont avia-font-entypo-fontello'><span class='av-icon-char' data-av_icon='\ue805' data-av_iconfont='entypo-fontello' aria-hidden=\"true\"><\/span><\/div><article class=\"article-icon-entry \"  itemscope=\"itemscope\" itemtype=\"https:\/\/schema.org\/CreativeWork\" ><div class=\"iconlist_content_wrap\"><header class=\"entry-content-header\" aria-label=\"Icon: Rellena el formulario de contacto o escribe a:\"><h4 class='av_iconlist_title iconlist_title  '  itemprop=\"headline\" >Rellena el formulario de contacto o escribe a:<\/h4><\/header><div class='iconlist_content '  itemprop=\"text\" ><p><a href=\"mailto:escolainfantilmafalda@gmail.com\">escolainfantilmafalda@gmail.com<\/a><\/p>\n<\/div><\/div><footer class=\"entry-footer\"><\/footer><\/article><div class=\"iconlist-timeline\"><\/div><\/li>\n<\/ul><\/div><\/p><\/div>\n<style type=\"text\/css\" data-created_by=\"avia_inline_auto\" id=\"style-css-av-z5va-16e468e73e2e737c234e3c0b94b61506\">\n.flex_column.av-z5va-16e468e73e2e737c234e3c0b94b61506{\nborder-radius:0px 0px 0px 0px;\npadding:0px 0px 0px 0px;\n}\n<\/style>\n<div  class='flex_column av-z5va-16e468e73e2e737c234e3c0b94b61506 av_one_half  avia-builder-el-4  el_after_av_one_half  avia-builder-el-last  flex_column_div av-zero-column-padding  '     ><section  class='av_textblock_section av-khg9qii1-c090cb481064e0c4d54d3d8e0f56d7aa '   itemscope=\"itemscope\" itemtype=\"https:\/\/schema.org\/CreativeWork\" ><div class='avia_textblock'  itemprop=\"text\" >\n<div class=\"wpcf7 no-js\" id=\"wpcf7-f1634-o1\" lang=\"es-ES\" dir=\"ltr\" data-wpcf7-id=\"1634\">\n<div class=\"screen-reader-response\"><p role=\"status\" aria-live=\"polite\" aria-atomic=\"true\"><\/p> <ul><\/ul><\/div>\n<form action=\"\/es\/wp-json\/wp\/v2\/pages\/1180#wpcf7-f1634-o1\" method=\"post\" class=\"wpcf7-form init\" aria-label=\"Formulario de contacto\" novalidate=\"novalidate\" data-status=\"init\">\n<fieldset class=\"hidden-fields-container\"><input type=\"hidden\" name=\"_wpcf7\" value=\"1634\" \/><input type=\"hidden\" name=\"_wpcf7_version\" value=\"6.1.5\" \/><input type=\"hidden\" name=\"_wpcf7_locale\" value=\"es_ES\" \/><input type=\"hidden\" name=\"_wpcf7_unit_tag\" value=\"wpcf7-f1634-o1\" \/><input type=\"hidden\" name=\"_wpcf7_container_post\" value=\"0\" \/><input type=\"hidden\" name=\"_wpcf7_posted_data_hash\" value=\"\" \/><input type=\"hidden\" name=\"_wpcf7_recaptcha_response\" value=\"\" \/>\n<\/fieldset>\n<p><label> Nombre y apellidos<br \/>\n<span class=\"wpcf7-form-control-wrap\" data-name=\"your-name\"><input size=\"40\" maxlength=\"400\" class=\"wpcf7-form-control wpcf7-text wpcf7-validates-as-required\" aria-required=\"true\" aria-invalid=\"false\" placeholder=\"\u00bfC\u00f3mo te llamas?\" value=\"\" type=\"text\" name=\"your-name\" \/><\/span> <\/label>\n<\/p>\n<p><label> Email<br \/>\n<span class=\"wpcf7-form-control-wrap\" data-name=\"your-email\"><input size=\"40\" maxlength=\"400\" class=\"wpcf7-form-control wpcf7-email wpcf7-validates-as-required wpcf7-text wpcf7-validates-as-email\" aria-required=\"true\" aria-invalid=\"false\" placeholder=\"nombre@ejemplo.com\" value=\"\" type=\"email\" name=\"your-email\" \/><\/span> <\/label>\n<\/p>\n<p><label> Asunto<br \/>\n<span class=\"wpcf7-form-control-wrap\" data-name=\"your-subject\"><input size=\"40\" maxlength=\"400\" class=\"wpcf7-form-control wpcf7-text wpcf7-validates-as-required\" aria-required=\"true\" aria-invalid=\"false\" value=\"\" type=\"text\" name=\"your-subject\" \/><\/span> <\/label>\n<\/p>\n<p><label> Mensaje<br \/>\n<span class=\"wpcf7-form-control-wrap\" data-name=\"your-message\"><textarea cols=\"40\" rows=\"10\" maxlength=\"2000\" class=\"wpcf7-form-control wpcf7-textarea\" aria-invalid=\"false\" placeholder=\"Te escuchamos\" name=\"your-message\"><\/textarea><\/span> <\/label>\n<\/p>\n<hr style=\"margin-bottom:10px;\" \/>\n<p><span class=\"wpcf7-form-control-wrap\" data-name=\"acceptance-663\"><span class=\"wpcf7-form-control wpcf7-acceptance\"><span class=\"wpcf7-list-item\"><label><input type=\"checkbox\" name=\"acceptance-663\" value=\"1\" aria-invalid=\"false\" \/><span class=\"wpcf7-list-item-label\">He leido y acepto la <a href=\"https:\/\/www.escolamafalda.cat\/es\/politica-de-proteccion-de-datos\/\" target=\"_blank\">Informaci\u00f3n b\u00e1sica sobre la protecci\u00f3n de datos<\/a> as\u00ed como la informaci\u00f3n adicional detallada en la Pol\u00edtica de privacidad y protecci\u00f3n de datos.<\/span><\/label><\/span><\/span><\/span><br \/>\n<span class=\"wpcf7-form-control-wrap\" data-name=\"newsletter\"><span class=\"wpcf7-form-control wpcf7-acceptance optional\"><span class=\"wpcf7-list-item\"><label><input type=\"checkbox\" name=\"newsletter\" value=\"1\" aria-invalid=\"false\" \/><span class=\"wpcf7-list-item-label\">Acepto recibir boletines informativos sobre las actividades de: ESCUELA INFANTIL MAFALDA<\/span><\/label><\/span><\/span><\/span>\n<\/p>\n<p><small>INFORMACI\u00d3N B\u00c1SICA SOBRE PROTECCI\u00d3N DE DATOS Responsable:ESCUELA INFANTIL MAFALDA, Finalidad: Responder a las consultas que realizan los usuarios., Legitimaci\u00f3n: Consentimiento del interesado, Destinatarios: No se ceder\u00e1n datos a terceros, salvo obligaci\u00f3n legal. Derechos: Acceder, rectificar y suprimir datos, as\u00ed como otros derechos, como se explica en la informaci\u00f3n adicional.<br \/>\nInformaci\u00f3n adicional: Puede consultar la informaci\u00f3n adicional y detallada sobre protecci\u00f3n de datos en nuestra p\u00e1gina web<br \/>\n<\/small><br \/>\n[bws_google_captcha]\n<\/p>\n<p><input class=\"wpcf7-form-control wpcf7-submit has-spinner\" type=\"submit\" value=\"Enviar\" \/>\n<\/p><div class=\"wpcf7-response-output\" aria-hidden=\"true\"><\/div>\n<\/form>\n<\/div>\n\n<\/div><\/section><\/div><div  class='av_gmaps_sc_main_wrap av_gmaps_main_wrap '><div id='av_gmap_0' class='avia-google-map-container avia-google-map-sc av_gmaps_show_unconditionally av-no-fallback-img ' data-mapid='av_gmap_0'  style='height: 400px;'><a class=\"av_gmaps_browser_disabled av_text_confirm_link av_text_confirm_link_visible\" href=\"https:\/\/www.google.com\/maps\/search\/?api=1&#038;query=Rambla%20Poblenou,%20157%2008018%20Barcelona%20Barcelona%20spain\" target=\"_blank\">Maps were disabled by the visitor on this site. Click to open the map in a new window.<\/a><\/div><\/div><\/p>\n\n[av_section min_height='50' min_height_pc='25' min_height_px='500px' padding='large' custom_margin='0px' custom_margin_sync='true' color='main_color' background='bg_color' custom_bg='#f6f7fa' background_gradient_color1='' background_gradient_color2='' background_gradient_direction='vertical' src='http:\/\/www.escolamafalda.cat\/wp-content\/uploads\/2020\/12\/p0-1500x630.jpg' attachment='408' attachment_size='featured_large' attach='scroll' position='center center' repeat='stretch' video='' video_ratio='16:9' overlay_enable='aviaTBoverlay_enable' overlay_opacity='0.3' overlay_color='#0a0a0a' overlay_pattern='' overlay_custom_pattern='' shadow='no-border-styling' bottom_border='no-border-styling' bottom_border_diagonal_color='#333333' bottom_border_diagonal_direction='' bottom_border_style='' custom_arrow_bg='' id='' custom_class='wrapper-visita' aria_label='' av_element_hidden_in_editor='0' av_uid='av-khg4uvx3']\n\n[av_one_full first min_height='' vertical_alignment='' space='' row_boxshadow='' row_boxshadow_color='' row_boxshadow_width='10' custom_margin='' margin='0px' mobile_breaking='' border='' border_color='' radius='0px' padding='0px' column_boxshadow='' column_boxshadow_color='' column_boxshadow_width='10' background='bg_color' background_color='' background_gradient_color1='' background_gradient_color2='' background_gradient_direction='vertical' src='' background_position='top left' background_repeat='no-repeat' highlight='' highlight_size='' animation='' link='' linktarget='' link_hover='' title_attr='' alt_attr='' mobile_display='' id='' custom_class='' aria_label='' av_uid='av-e6172']\n\n[av_heading heading='\u00bfQuieres venir a visitar Mafalda?' tag='h2' style='blockquote modern-quote' subheading_active='' show_icon='' icon='ue800' font='' size='' av-desktop-font-size-title='' av-medium-font-size-title='' av-small-font-size-title='' av-mini-font-size-title='' subheading_size='' av-desktop-font-size='' av-medium-font-size='' av-small-font-size='' av-mini-font-size='' icon_size='' av-desktop-font-size-1='' av-medium-font-size-1='' av-small-font-size-1='' av-mini-font-size-1='' color='custom-color-heading' custom_font='#ffffff' subheading_color='' seperator_color='' icon_color='' margin='' margin_sync='true' av-desktop-margin='' av-desktop-margin_sync='true' av-medium-margin='' av-medium-margin_sync='true' av-small-margin='' av-small-margin_sync='true' av-mini-margin='' av-mini-margin_sync='true' headline_padding='' headline_padding_sync='true' av-desktop-headline_padding='' av-desktop-headline_padding_sync='true' av-medium-headline_padding='' av-medium-headline_padding_sync='true' av-small-headline_padding='' av-small-headline_padding_sync='true' av-mini-headline_padding='' av-mini-headline_padding_sync='true' padding='10' av-desktop-padding='' av-medium-padding='' av-small-padding='' av-mini-padding='' icon_padding='10' av-desktop-icon_padding='' av-medium-icon_padding='' av-small-icon_padding='' av-mini-icon_padding='' link='' link_target='' id='' custom_class='' template_class='' av_uid='av-9swk6' sc_version='1.0' admin_preview_bg=''][\/av_heading]\n\n[av_textblock textblock_styling_align='' textblock_styling='' textblock_styling_gap='' textblock_styling_mobile='' size='' av-desktop-font-size='' av-medium-font-size='' av-small-font-size='' av-mini-font-size='' font_color='custom' color='#ffffff' id='' custom_class='' template_class='' av_uid='av-kj76d8v9' sc_version='1.0' admin_preview_bg='']\nDescubre nuestro proyecto educativo y nuestra mirada hacia la infancia.\n[\/av_textblock]\n\n[av_button label='QUIERO PROGRAMAR UNA VISITA' icon_select='no' icon='ue826' font='entypo-fontello' link='page,1196' link_target='' size='medium' position='left' label_display='' title_attr='' size-text='' av-desktop-font-size-text='' av-medium-font-size-text='' av-small-font-size-text='' av-mini-font-size-text='' margin='' margin_sync='true' padding='' padding_sync='true' av-desktop-margin='' av-desktop-margin_sync='true' av-desktop-padding='' av-desktop-padding_sync='true' av-medium-margin='' av-medium-margin_sync='true' av-medium-padding='' av-medium-padding_sync='true' av-small-margin='' av-small-margin_sync='true' av-small-padding='' av-small-padding_sync='true' av-mini-margin='' av-mini-margin_sync='true' av-mini-padding='' av-mini-padding_sync='true' color_options='' color='theme-color' custom_bg='#444444' custom_font='#ffffff' btn_color_bg='theme-color' btn_custom_grad_direction='vertical' btn_custom_grad_1='#000000' btn_custom_grad_2='#ffffff' btn_custom_grad_3='' btn_custom_grad_opacity='0.7' btn_custom_bg='#444444' btn_color_bg_hover='theme-color-highlight' btn_custom_bg_hover='#444444' btn_color_font='theme-color' btn_custom_font='#ffffff' btn_color_font_hover='white' btn_custom_font_hover='#ffffff' border='' border_width='' border_width_sync='true' border_color='' border_radius='' border_radius_sync='true' box_shadow='' box_shadow_style='0px,0px,0px,0px' box_shadow_color='' animation='' animation_duration='' animation_custom_bg_color='' animation_z_index_curtain='100' hover_opacity='' sonar_effect_effect='' sonar_effect_color='' sonar_effect_duration='1' sonar_effect_scale='' sonar_effect_opac='0.5' css_position='' css_position_location=',,,' css_position_z_index='' av-desktop-css_position='' av-desktop-css_position_location=',,,' av-desktop-css_position_z_index='' av-medium-css_position='' av-medium-css_position_location=',,,' av-medium-css_position_z_index='' av-small-css_position='' av-small-css_position_location=',,,' av-small-css_position_z_index='' av-mini-css_position='' av-mini-css_position_location=',,,' av-mini-css_position_z_index='' id='' custom_class='btn' template_class='' av_uid='av-khg4tvbm' sc_version='1.0' admin_preview_bg='']\n\n[\/av_one_full][\/av_section][av_section min_height='' min_height_pc='25' min_height_px='500px' padding='default' custom_margin='0px' custom_margin_sync='true' color='alternate_color' background='bg_color' custom_bg='' background_gradient_color1='' background_gradient_color2='' background_gradient_direction='vertical' src='' attachment='' attachment_size='' attach='scroll' position='top left' repeat='no-repeat' video='' video_ratio='16:9' overlay_opacity='0.5' overlay_color='' overlay_pattern='' overlay_custom_pattern='' shadow='no-border-styling' bottom_border='no-border-styling' bottom_border_diagonal_color='#333333' bottom_border_diagonal_direction='' bottom_border_style='' custom_arrow_bg='' id='' custom_class='' aria_label='' av_element_hidden_in_editor='0' av_uid='av-1hf6ni']\n[av_two_fifth first min_height='' vertical_alignment='' space='' row_boxshadow='' row_boxshadow_color='' row_boxshadow_width='10' custom_margin='' margin='0px' mobile_breaking='' border='' border_color='' radius='0px' padding='0px' column_boxshadow='' column_boxshadow_color='' column_boxshadow_width='10' background='bg_color' background_color='' background_gradient_color1='' background_gradient_color2='' background_gradient_direction='vertical' src='' background_position='top left' background_repeat='no-repeat' highlight='' highlight_size='' animation='' link='' linktarget='' link_hover='' title_attr='' alt_attr='' mobile_display='' id='' custom_class='' aria_label='' av_uid='av-182cvq']\n\n[av_sidebar widget_area='Footer - column1' av_uid='av-bocsu']\n\n[\/av_two_fifth][av_one_fifth min_height='' vertical_alignment='' space='' row_boxshadow='' row_boxshadow_color='' row_boxshadow_width='10' custom_margin='' margin='0px' mobile_breaking='' border='' border_color='' radius='0px' padding='0px' column_boxshadow='' column_boxshadow_color='' column_boxshadow_width='10' background='bg_color' background_color='' background_gradient_color1='' background_gradient_color2='' background_gradient_direction='vertical' src='' background_position='top left' background_repeat='no-repeat' highlight='' highlight_size='' animation='' link='' linktarget='' link_hover='' title_attr='' alt_attr='' mobile_display='' id='' custom_class='' aria_label='' av_uid='av-13svf2']\n\n[av_sidebar widget_area='Footer - column2' av_uid='av-vo9gu']\n\n[\/av_one_fifth][av_one_fifth min_height='' vertical_alignment='' space='' row_boxshadow='' row_boxshadow_color='' row_boxshadow_width='10' custom_margin='' margin='0px' mobile_breaking='' border='' border_color='' radius='0px' padding='0px' column_boxshadow='' column_boxshadow_color='' column_boxshadow_width='10' background='bg_color' background_color='' background_gradient_color1='' background_gradient_color2='' background_gradient_direction='vertical' src='' background_position='top left' background_repeat='no-repeat' highlight='' highlight_size='' animation='' link='' linktarget='' link_hover='' title_attr='' alt_attr='' mobile_display='' id='' custom_class='' aria_label='' av_uid='av-tf2mm']\n\n[av_sidebar widget_area='Footer - column3' av_uid='av-ksp0m']\n\n[\/av_one_fifth][av_one_fifth min_height='' vertical_alignment='' space='' row_boxshadow='' row_boxshadow_color='' row_boxshadow_width='10' custom_margin='' margin='0px' mobile_breaking='' border='' border_color='' radius='0px' padding='0px' column_boxshadow='' column_boxshadow_color='' column_boxshadow_width='10' background='bg_color' background_color='' background_gradient_color1='' background_gradient_color2='' background_gradient_direction='vertical' src='' background_position='top left' background_repeat='no-repeat' highlight='' highlight_size='' animation='' link='' linktarget='' link_hover='' title_attr='' alt_attr='' mobile_display='' id='' custom_class='' aria_label='' av_uid='av-fewxq']\n\n[av_sidebar widget_area='Footer - column4' av_uid='av-8v4ie']\n\n[\/av_one_fifth]\n[\/av_section]\n\n","protected":false},"excerpt":{"rendered":"","protected":false},"author":1,"featured_media":0,"parent":0,"menu_order":0,"comment_status":"closed","ping_status":"closed","template":"","meta":{"footnotes":""},"class_list":["post-1180","page","type-page","status-publish","hentry"],"yoast_head":"<!-- This site is optimized with the Yoast SEO plugin v27.4 - https:\/\/yoast.com\/product\/yoast-seo-wordpress\/ -->\n<title>Contacto - Escola Mafalda<\/title>\n<meta name=\"robots\" content=\"index, follow, max-snippet:-1, max-image-preview:large, max-video-preview:-1\" \/>\n<link rel=\"canonical\" href=\"https:\/\/www.escolamafalda.cat\/es\/contacto\/\" \/>\n<meta property=\"og:locale\" content=\"es_ES\" \/>\n<meta property=\"og:type\" content=\"article\" \/>\n<meta property=\"og:title\" content=\"Contacto - Escola Mafalda\" \/>\n<meta property=\"og:url\" content=\"https:\/\/www.escolamafalda.cat\/es\/contacto\/\" \/>\n<meta property=\"og:site_name\" content=\"Escola Mafalda\" \/>\n<meta property=\"article:modified_time\" content=\"2024-04-11T17:08:14+00:00\" \/>\n<meta name=\"twitter:card\" content=\"summary_large_image\" \/>\n<meta name=\"twitter:label1\" content=\"Tiempo de lectura\" \/>\n\t<meta name=\"twitter:data1\" content=\"4 minutos\" \/>\n<script type=\"application\/ld+json\" class=\"yoast-schema-graph\">{\"@context\":\"https:\\\/\\\/schema.org\",\"@graph\":[{\"@type\":\"WebPage\",\"@id\":\"https:\\\/\\\/www.escolamafalda.cat\\\/es\\\/contacto\\\/\",\"url\":\"https:\\\/\\\/www.escolamafalda.cat\\\/es\\\/contacto\\\/\",\"name\":\"Contacto - Escola Mafalda\",\"isPartOf\":{\"@id\":\"https:\\\/\\\/www.escolamafalda.cat\\\/es\\\/#website\"},\"datePublished\":\"2020-10-21T19:22:26+00:00\",\"dateModified\":\"2024-04-11T17:08:14+00:00\",\"breadcrumb\":{\"@id\":\"https:\\\/\\\/www.escolamafalda.cat\\\/es\\\/contacto\\\/#breadcrumb\"},\"inLanguage\":\"es\",\"potentialAction\":[{\"@type\":\"ReadAction\",\"target\":[\"https:\\\/\\\/www.escolamafalda.cat\\\/es\\\/contacto\\\/\"]}]},{\"@type\":\"BreadcrumbList\",\"@id\":\"https:\\\/\\\/www.escolamafalda.cat\\\/es\\\/contacto\\\/#breadcrumb\",\"itemListElement\":[{\"@type\":\"ListItem\",\"position\":1,\"name\":\"Inici\",\"item\":\"https:\\\/\\\/www.escolamafalda.cat\\\/es\\\/\"},{\"@type\":\"ListItem\",\"position\":2,\"name\":\"Contacto\"}]},{\"@type\":\"WebSite\",\"@id\":\"https:\\\/\\\/www.escolamafalda.cat\\\/es\\\/#website\",\"url\":\"https:\\\/\\\/www.escolamafalda.cat\\\/es\\\/\",\"name\":\"Escola Mafalda\",\"description\":\"escola infantil autoritzada pel Departament d\u2019Ensenyament de la Generalitat de Catalunya\",\"potentialAction\":[{\"@type\":\"SearchAction\",\"target\":{\"@type\":\"EntryPoint\",\"urlTemplate\":\"https:\\\/\\\/www.escolamafalda.cat\\\/es\\\/?s={search_term_string}\"},\"query-input\":{\"@type\":\"PropertyValueSpecification\",\"valueRequired\":true,\"valueName\":\"search_term_string\"}}],\"inLanguage\":\"es\"}]}<\/script>\n<!-- \/ Yoast SEO plugin. -->","yoast_head_json":{"title":"Contacto - Escola Mafalda","robots":{"index":"index","follow":"follow","max-snippet":"max-snippet:-1","max-image-preview":"max-image-preview:large","max-video-preview":"max-video-preview:-1"},"canonical":"https:\/\/www.escolamafalda.cat\/es\/contacto\/","og_locale":"es_ES","og_type":"article","og_title":"Contacto - Escola Mafalda","og_url":"https:\/\/www.escolamafalda.cat\/es\/contacto\/","og_site_name":"Escola Mafalda","article_modified_time":"2024-04-11T17:08:14+00:00","twitter_card":"summary_large_image","twitter_misc":{"Tiempo de lectura":"4 minutos"},"schema":{"@context":"https:\/\/schema.org","@graph":[{"@type":"WebPage","@id":"https:\/\/www.escolamafalda.cat\/es\/contacto\/","url":"https:\/\/www.escolamafalda.cat\/es\/contacto\/","name":"Contacto - Escola Mafalda","isPartOf":{"@id":"https:\/\/www.escolamafalda.cat\/es\/#website"},"datePublished":"2020-10-21T19:22:26+00:00","dateModified":"2024-04-11T17:08:14+00:00","breadcrumb":{"@id":"https:\/\/www.escolamafalda.cat\/es\/contacto\/#breadcrumb"},"inLanguage":"es","potentialAction":[{"@type":"ReadAction","target":["https:\/\/www.escolamafalda.cat\/es\/contacto\/"]}]},{"@type":"BreadcrumbList","@id":"https:\/\/www.escolamafalda.cat\/es\/contacto\/#breadcrumb","itemListElement":[{"@type":"ListItem","position":1,"name":"Inici","item":"https:\/\/www.escolamafalda.cat\/es\/"},{"@type":"ListItem","position":2,"name":"Contacto"}]},{"@type":"WebSite","@id":"https:\/\/www.escolamafalda.cat\/es\/#website","url":"https:\/\/www.escolamafalda.cat\/es\/","name":"Escola Mafalda","description":"escola infantil autoritzada pel Departament d\u2019Ensenyament de la Generalitat de Catalunya","potentialAction":[{"@type":"SearchAction","target":{"@type":"EntryPoint","urlTemplate":"https:\/\/www.escolamafalda.cat\/es\/?s={search_term_string}"},"query-input":{"@type":"PropertyValueSpecification","valueRequired":true,"valueName":"search_term_string"}}],"inLanguage":"es"}]}},"_links":{"self":[{"href":"https:\/\/www.escolamafalda.cat\/es\/wp-json\/wp\/v2\/pages\/1180","targetHints":{"allow":["GET"]}}],"collection":[{"href":"https:\/\/www.escolamafalda.cat\/es\/wp-json\/wp\/v2\/pages"}],"about":[{"href":"https:\/\/www.escolamafalda.cat\/es\/wp-json\/wp\/v2\/types\/page"}],"author":[{"embeddable":true,"href":"https:\/\/www.escolamafalda.cat\/es\/wp-json\/wp\/v2\/users\/1"}],"replies":[{"embeddable":true,"href":"https:\/\/www.escolamafalda.cat\/es\/wp-json\/wp\/v2\/comments?post=1180"}],"version-history":[{"count":10,"href":"https:\/\/www.escolamafalda.cat\/es\/wp-json\/wp\/v2\/pages\/1180\/revisions"}],"predecessor-version":[{"id":2200,"href":"https:\/\/www.escolamafalda.cat\/es\/wp-json\/wp\/v2\/pages\/1180\/revisions\/2200"}],"wp:attachment":[{"href":"https:\/\/www.escolamafalda.cat\/es\/wp-json\/wp\/v2\/media?parent=1180"}],"curies":[{"name":"wp","href":"https:\/\/api.w.org\/{rel}","templated":true}]}}