{"id":1182,"date":"2021-01-18T22:22:38","date_gmt":"2021-01-18T20:22:38","guid":{"rendered":"http:\/\/www.escolamafalda.cat\/els-nostres-espais\/"},"modified":"2023-04-15T07:44:52","modified_gmt":"2023-04-15T05:44:52","slug":"els-nostres-espais","status":"publish","type":"page","link":"https:\/\/www.escolamafalda.cat\/es\/els-nostres-espais\/","title":{"rendered":"Nuestros espacios"},"content":{"rendered":"\n<style type=\"text\/css\" data-created_by=\"avia_inline_auto\" id=\"style-css-av-y15w-9e4a800f745e64ee17b0b32ea8326022\">\n.avia-section.av-y15w-9e4a800f745e64ee17b0b32ea8326022{\nbackground-color:#f6f7fa;\nbackground-image:unset;\n}\n<\/style>\n<div id='av_section_1'  class='avia-section av-y15w-9e4a800f745e64ee17b0b32ea8326022 main_color avia-section-default avia-no-border-styling  avia-builder-el-0  avia-builder-el-no-sibling  avia-bg-style-scroll container_wrap sidebar_right'  ><div class='container av-section-cont-open' ><main  role=\"main\" itemprop=\"mainContentOfPage\"  class='template-page content  av-content-small alpha units'><div class='post-entry post-entry-type-page post-entry-1182'><div class='entry-content-wrapper clearfix'>\n\n<style type=\"text\/css\" data-created_by=\"avia_inline_auto\" id=\"style-css-av-11bkjs-c2fb48f951d765669ad2c011431e1e64\">\n#top .av-special-heading.av-11bkjs-c2fb48f951d765669ad2c011431e1e64{\npadding-bottom:10px;\n}\nbody .av-special-heading.av-11bkjs-c2fb48f951d765669ad2c011431e1e64 .av-special-heading-tag .heading-char{\nfont-size:25px;\n}\n.av-special-heading.av-11bkjs-c2fb48f951d765669ad2c011431e1e64 .av-subheading{\nfont-size:15px;\n}\n<\/style>\n<div  class='av-special-heading av-11bkjs-c2fb48f951d765669ad2c011431e1e64 av-special-heading-h2 blockquote modern-quote modern-centered  avia-builder-el-1  el_before_av_textblock  avia-builder-el-first '><h2 class='av-special-heading-tag '  itemprop=\"headline\"  >Nuestros espacios<\/h2><div class=\"special-heading-border\"><div class=\"special-heading-inner-border\"><\/div><\/div><\/div>\n<section  class='av_textblock_section av-kjkg26ad-959cae5fbd5b282cd77f25147ccf737c '   itemscope=\"itemscope\" itemtype=\"https:\/\/schema.org\/CreativeWork\" ><div class='avia_textblock'  itemprop=\"text\" ><p style=\"text-align: center;\">&#8216;Cada ni\u00f1o es \u00fanico y necesita libertad para crecer y explorar el mundo por s\u00ed mismo, porque s\u00f3lo de esta manera estaremos educando a los adultos del futuro&#8217;<\/p>\n<p style=\"text-align: center;\"><em>Maria Montessori<\/em><\/p>\n<\/div><\/section>\n\n<style type=\"text\/css\" data-created_by=\"avia_inline_auto\" id=\"style-css-av-3cyn0-889340221dc6b1bf76cf9516bd301862\">\n.flex_column.av-3cyn0-889340221dc6b1bf76cf9516bd301862{\nborder-radius:0px 0px 0px 0px;\npadding:0px 0px 0px 0px;\n}\n<\/style>\n<div  class='flex_column av-3cyn0-889340221dc6b1bf76cf9516bd301862 av_one_fifth  avia-builder-el-3  el_after_av_textblock  el_before_av_one_fifth  first flex_column_div av-zero-column-padding  column-top-margin'     ><p>\n<style type=\"text\/css\" data-created_by=\"avia_inline_auto\" id=\"style-css-av-kjkg5fjw-914fb56547ef03b1c35d39ed1fec4ebb\">\n.avia-image-container.av-kjkg5fjw-914fb56547ef03b1c35d39ed1fec4ebb img.avia_image{\nbox-shadow:none;\n}\n.avia-image-container.av-kjkg5fjw-914fb56547ef03b1c35d39ed1fec4ebb .av-image-caption-overlay-center{\ncolor:#ffffff;\n}\n<\/style>\n<div  class='avia-image-container av-kjkg5fjw-914fb56547ef03b1c35d39ed1fec4ebb av-styling- av-img-linked avia-align-center  avia-builder-el-4  el_before_av_heading  avia-builder-el-first '   itemprop=\"image\" itemscope=\"itemscope\" itemtype=\"https:\/\/schema.org\/ImageObject\" ><div class=\"avia-image-container-inner\"><div class=\"avia-image-overlay-wrap\"><a href=\"https:\/\/www.escolamafalda.cat\/espais\/jardi\/\" class='avia_image '  aria-label='jardi_4'><img decoding=\"async\" fetchpriority=\"high\" class='wp-image-980 avia-img-lazy-loading-not-980 avia_image ' src=\"https:\/\/www.escolamafalda.cat\/wp-content\/uploads\/2020\/12\/jardi_4-300x200.jpg\" alt='' title='jardi_4'  height=\"200\" width=\"300\"  itemprop=\"thumbnailUrl\" srcset=\"https:\/\/www.escolamafalda.cat\/wp-content\/uploads\/2020\/12\/jardi_4-300x200.jpg 300w, https:\/\/www.escolamafalda.cat\/wp-content\/uploads\/2020\/12\/jardi_4-1030x687.jpg 1030w, https:\/\/www.escolamafalda.cat\/wp-content\/uploads\/2020\/12\/jardi_4-768x512.jpg 768w, https:\/\/www.escolamafalda.cat\/wp-content\/uploads\/2020\/12\/jardi_4-705x470.jpg 705w, https:\/\/www.escolamafalda.cat\/wp-content\/uploads\/2020\/12\/jardi_4.jpg 1200w\" sizes=\"(max-width: 300px) 100vw, 300px\" \/><\/a><\/div><\/div><\/div><br \/>\n\n<style type=\"text\/css\" data-created_by=\"avia_inline_auto\" id=\"style-css-av-y32vk-39a63e7b1208d28835f6665833f61f11\">\n#top .av-special-heading.av-y32vk-39a63e7b1208d28835f6665833f61f11{\npadding-bottom:10px;\n}\nbody .av-special-heading.av-y32vk-39a63e7b1208d28835f6665833f61f11 .av-special-heading-tag .heading-char{\nfont-size:25px;\n}\n.av-special-heading.av-y32vk-39a63e7b1208d28835f6665833f61f11 .av-subheading{\nfont-size:15px;\n}\n<\/style>\n<div  class='av-special-heading av-y32vk-39a63e7b1208d28835f6665833f61f11 av-special-heading-h3 blockquote modern-quote modern-centered  avia-builder-el-5  el_after_av_image  avia-builder-el-last '><h3 class='av-special-heading-tag '  itemprop=\"headline\"  >Jard\u00edn<\/h3><div class=\"special-heading-border\"><div class=\"special-heading-inner-border\"><\/div><\/div><\/div><\/p><\/div>\n<style type=\"text\/css\" data-created_by=\"avia_inline_auto\" id=\"style-css-av-2lvps-e6f821e765a2cad5be46cea204b8c19c\">\n.flex_column.av-2lvps-e6f821e765a2cad5be46cea204b8c19c{\nborder-radius:0px 0px 0px 0px;\npadding:0px 0px 0px 0px;\n}\n<\/style>\n<div  class='flex_column av-2lvps-e6f821e765a2cad5be46cea204b8c19c av_one_fifth  avia-builder-el-6  el_after_av_one_fifth  el_before_av_one_fifth  flex_column_div av-zero-column-padding  column-top-margin'     ><p>\n<style type=\"text\/css\" data-created_by=\"avia_inline_auto\" id=\"style-css-av-kjkg5xh7-9b0bc95f762e869b5443d59ff58ca849\">\n.avia-image-container.av-kjkg5xh7-9b0bc95f762e869b5443d59ff58ca849 img.avia_image{\nbox-shadow:none;\n}\n.avia-image-container.av-kjkg5xh7-9b0bc95f762e869b5443d59ff58ca849 .av-image-caption-overlay-center{\ncolor:#ffffff;\n}\n<\/style>\n<div  class='avia-image-container av-kjkg5xh7-9b0bc95f762e869b5443d59ff58ca849 av-styling- av-img-linked avia-align-center  avia-builder-el-7  el_before_av_heading  avia-builder-el-first '   itemprop=\"image\" itemscope=\"itemscope\" itemtype=\"https:\/\/schema.org\/ImageObject\" ><div class=\"avia-image-container-inner\"><div class=\"avia-image-overlay-wrap\"><a href=\"https:\/\/www.escolamafalda.cat\/espais\/0-1-any\/\" class='avia_image '  aria-label='Escola_mafalda_P0_0'><img decoding=\"async\" fetchpriority=\"high\" class='wp-image-984 avia-img-lazy-loading-not-984 avia_image ' src=\"https:\/\/www.escolamafalda.cat\/wp-content\/uploads\/2020\/12\/Escola_mafalda_P0_0-300x200.jpg\" alt='' title='Escola_mafalda_P0_0'  height=\"200\" width=\"300\"  itemprop=\"thumbnailUrl\" srcset=\"https:\/\/www.escolamafalda.cat\/wp-content\/uploads\/2020\/12\/Escola_mafalda_P0_0-300x200.jpg 300w, https:\/\/www.escolamafalda.cat\/wp-content\/uploads\/2020\/12\/Escola_mafalda_P0_0-1030x687.jpg 1030w, https:\/\/www.escolamafalda.cat\/wp-content\/uploads\/2020\/12\/Escola_mafalda_P0_0-768x512.jpg 768w, https:\/\/www.escolamafalda.cat\/wp-content\/uploads\/2020\/12\/Escola_mafalda_P0_0-705x470.jpg 705w, https:\/\/www.escolamafalda.cat\/wp-content\/uploads\/2020\/12\/Escola_mafalda_P0_0.jpg 1200w\" sizes=\"(max-width: 300px) 100vw, 300px\" \/><\/a><\/div><\/div><\/div><br \/>\n\n<style type=\"text\/css\" data-created_by=\"avia_inline_auto\" id=\"style-css-av-pci14-a788fbec05f84f7431f89fb1dc6ff8d6\">\n#top .av-special-heading.av-pci14-a788fbec05f84f7431f89fb1dc6ff8d6{\npadding-bottom:10px;\n}\nbody .av-special-heading.av-pci14-a788fbec05f84f7431f89fb1dc6ff8d6 .av-special-heading-tag .heading-char{\nfont-size:25px;\n}\n.av-special-heading.av-pci14-a788fbec05f84f7431f89fb1dc6ff8d6 .av-subheading{\nfont-size:15px;\n}\n<\/style>\n<div  class='av-special-heading av-pci14-a788fbec05f84f7431f89fb1dc6ff8d6 av-special-heading-h3 blockquote modern-quote modern-centered  avia-builder-el-8  el_after_av_image  avia-builder-el-last '><h3 class='av-special-heading-tag '  itemprop=\"headline\"  >0-1 A\u00f1o<\/h3><div class=\"special-heading-border\"><div class=\"special-heading-inner-border\"><\/div><\/div><\/div><\/p><\/div>\n<style type=\"text\/css\" data-created_by=\"avia_inline_auto\" id=\"style-css-av-230xo-fe0cb1f823f6a85cd6e080abf021c26c\">\n.flex_column.av-230xo-fe0cb1f823f6a85cd6e080abf021c26c{\nborder-radius:0px 0px 0px 0px;\npadding:0px 0px 0px 0px;\n}\n<\/style>\n<div  class='flex_column av-230xo-fe0cb1f823f6a85cd6e080abf021c26c av_one_fifth  avia-builder-el-9  el_after_av_one_fifth  el_before_av_one_fifth  flex_column_div av-zero-column-padding  column-top-margin'     ><p>\n<style type=\"text\/css\" data-created_by=\"avia_inline_auto\" id=\"style-css-av-kjkg77tx-8325db01e24bffdbd9a19841f0c55858\">\n.avia-image-container.av-kjkg77tx-8325db01e24bffdbd9a19841f0c55858 img.avia_image{\nbox-shadow:none;\n}\n.avia-image-container.av-kjkg77tx-8325db01e24bffdbd9a19841f0c55858 .av-image-caption-overlay-center{\ncolor:#ffffff;\n}\n<\/style>\n<div  class='avia-image-container av-kjkg77tx-8325db01e24bffdbd9a19841f0c55858 av-styling- av-img-linked avia-align-center  avia-builder-el-10  el_before_av_heading  avia-builder-el-first '   itemprop=\"image\" itemscope=\"itemscope\" itemtype=\"https:\/\/schema.org\/ImageObject\" ><div class=\"avia-image-container-inner\"><div class=\"avia-image-overlay-wrap\"><a href=\"https:\/\/www.escolamafalda.cat\/espais\/1-2-anys\/\" class='avia_image '  aria-label='clase'><img decoding=\"async\" fetchpriority=\"high\" class='wp-image-1024 avia-img-lazy-loading-not-1024 avia_image ' src=\"https:\/\/www.escolamafalda.cat\/wp-content\/uploads\/2021\/01\/clase.jpg\" alt='' title='clase'  height=\"200\" width=\"300\"  itemprop=\"thumbnailUrl\"  \/><\/a><\/div><\/div><\/div><br \/>\n\n<style type=\"text\/css\" data-created_by=\"avia_inline_auto\" id=\"style-css-av-lkec8-0277a0196dbf363da91e0d21015e9631\">\n#top .av-special-heading.av-lkec8-0277a0196dbf363da91e0d21015e9631{\npadding-bottom:10px;\n}\nbody .av-special-heading.av-lkec8-0277a0196dbf363da91e0d21015e9631 .av-special-heading-tag .heading-char{\nfont-size:25px;\n}\n.av-special-heading.av-lkec8-0277a0196dbf363da91e0d21015e9631 .av-subheading{\nfont-size:15px;\n}\n<\/style>\n<div  class='av-special-heading av-lkec8-0277a0196dbf363da91e0d21015e9631 av-special-heading-h3 blockquote modern-quote modern-centered  avia-builder-el-11  el_after_av_image  avia-builder-el-last '><h3 class='av-special-heading-tag '  itemprop=\"headline\"  >1-2 A\u00f1os<\/h3><div class=\"special-heading-border\"><div class=\"special-heading-inner-border\"><\/div><\/div><\/div><\/p><\/div>\n<style type=\"text\/css\" data-created_by=\"avia_inline_auto\" id=\"style-css-av-1a7a4-57de8c1b2dcced71945bfd04b01d0ec2\">\n.flex_column.av-1a7a4-57de8c1b2dcced71945bfd04b01d0ec2{\nborder-radius:0px 0px 0px 0px;\npadding:0px 0px 0px 0px;\n}\n<\/style>\n<div  class='flex_column av-1a7a4-57de8c1b2dcced71945bfd04b01d0ec2 av_one_fifth  avia-builder-el-12  el_after_av_one_fifth  el_before_av_one_fifth  flex_column_div av-zero-column-padding  column-top-margin'     ><p>\n<style type=\"text\/css\" data-created_by=\"avia_inline_auto\" id=\"style-css-av-kjkg80o1-b6d765b607ce03669a211eae77ff5a0f\">\n.avia-image-container.av-kjkg80o1-b6d765b607ce03669a211eae77ff5a0f img.avia_image{\nbox-shadow:none;\n}\n.avia-image-container.av-kjkg80o1-b6d765b607ce03669a211eae77ff5a0f .av-image-caption-overlay-center{\ncolor:#ffffff;\n}\n<\/style>\n<div  class='avia-image-container av-kjkg80o1-b6d765b607ce03669a211eae77ff5a0f av-styling- av-img-linked avia-align-center  avia-builder-el-13  el_before_av_heading  avia-builder-el-first '   itemprop=\"image\" itemscope=\"itemscope\" itemtype=\"https:\/\/schema.org\/ImageObject\" ><div class=\"avia-image-container-inner\"><div class=\"avia-image-overlay-wrap\"><a href=\"https:\/\/www.escolamafalda.cat\/espais\/2-3-anys\/\" class='avia_image '  aria-label='Escola_mafalda_P2'><img decoding=\"async\" fetchpriority=\"high\" class='wp-image-1000 avia-img-lazy-loading-not-1000 avia_image ' src=\"https:\/\/www.escolamafalda.cat\/wp-content\/uploads\/2020\/12\/Escola_mafalda_P2-300x200.jpg\" alt='' title='Escola_mafalda_P2'  height=\"200\" width=\"300\"  itemprop=\"thumbnailUrl\" srcset=\"https:\/\/www.escolamafalda.cat\/wp-content\/uploads\/2020\/12\/Escola_mafalda_P2-300x200.jpg 300w, https:\/\/www.escolamafalda.cat\/wp-content\/uploads\/2020\/12\/Escola_mafalda_P2-1030x687.jpg 1030w, https:\/\/www.escolamafalda.cat\/wp-content\/uploads\/2020\/12\/Escola_mafalda_P2-768x512.jpg 768w, https:\/\/www.escolamafalda.cat\/wp-content\/uploads\/2020\/12\/Escola_mafalda_P2-705x470.jpg 705w, https:\/\/www.escolamafalda.cat\/wp-content\/uploads\/2020\/12\/Escola_mafalda_P2.jpg 1200w\" sizes=\"(max-width: 300px) 100vw, 300px\" \/><\/a><\/div><\/div><\/div><br \/>\n\n<style type=\"text\/css\" data-created_by=\"avia_inline_auto\" id=\"style-css-av-gnfyw-a31f83d7473fb5b63fabd6cf1e9bb950\">\n#top .av-special-heading.av-gnfyw-a31f83d7473fb5b63fabd6cf1e9bb950{\npadding-bottom:10px;\n}\nbody .av-special-heading.av-gnfyw-a31f83d7473fb5b63fabd6cf1e9bb950 .av-special-heading-tag .heading-char{\nfont-size:25px;\n}\n.av-special-heading.av-gnfyw-a31f83d7473fb5b63fabd6cf1e9bb950 .av-subheading{\nfont-size:15px;\n}\n<\/style>\n<div  class='av-special-heading av-gnfyw-a31f83d7473fb5b63fabd6cf1e9bb950 av-special-heading-h3 blockquote modern-quote modern-centered  avia-builder-el-14  el_after_av_image  avia-builder-el-last '><h3 class='av-special-heading-tag '  itemprop=\"headline\"  >2-3 A\u00f1os<\/h3><div class=\"special-heading-border\"><div class=\"special-heading-inner-border\"><\/div><\/div><\/div><\/p><\/div>\n<style type=\"text\/css\" data-created_by=\"avia_inline_auto\" id=\"style-css-av-13le8-e6ecd66875b2791927423d041c4d38d8\">\n.flex_column.av-13le8-e6ecd66875b2791927423d041c4d38d8{\nborder-radius:0px 0px 0px 0px;\npadding:0px 0px 0px 0px;\n}\n<\/style>\n<div  class='flex_column av-13le8-e6ecd66875b2791927423d041c4d38d8 av_one_fifth  avia-builder-el-15  el_after_av_one_fifth  avia-builder-el-last  flex_column_div av-zero-column-padding  column-top-margin'     ><p>\n<style type=\"text\/css\" data-created_by=\"avia_inline_auto\" id=\"style-css-av-kjkg8llh-88b128e2a06303e1f80dc4058ffa763f\">\n.avia-image-container.av-kjkg8llh-88b128e2a06303e1f80dc4058ffa763f img.avia_image{\nbox-shadow:none;\n}\n.avia-image-container.av-kjkg8llh-88b128e2a06303e1f80dc4058ffa763f .av-image-caption-overlay-center{\ncolor:#ffffff;\n}\n<\/style>\n<div  class='avia-image-container av-kjkg8llh-88b128e2a06303e1f80dc4058ffa763f av-styling- av-img-linked avia-align-center  avia-builder-el-16  el_before_av_heading  avia-builder-el-first '   itemprop=\"image\" itemscope=\"itemscope\" itemtype=\"https:\/\/schema.org\/ImageObject\" ><div class=\"avia-image-container-inner\"><div class=\"avia-image-overlay-wrap\"><a href=\"https:\/\/www.escolamafalda.cat\/espais\/3-6-anys\/\" class='avia_image '  aria-label='Escola_mafalda_P3'><img decoding=\"async\" fetchpriority=\"high\" class='wp-image-1014 avia-img-lazy-loading-not-1014 avia_image ' src=\"https:\/\/www.escolamafalda.cat\/wp-content\/uploads\/2020\/12\/Escola_mafalda_P3-300x200.jpg\" alt='' title='Escola_mafalda_P3'  height=\"200\" width=\"300\"  itemprop=\"thumbnailUrl\" srcset=\"https:\/\/www.escolamafalda.cat\/wp-content\/uploads\/2020\/12\/Escola_mafalda_P3-300x200.jpg 300w, https:\/\/www.escolamafalda.cat\/wp-content\/uploads\/2020\/12\/Escola_mafalda_P3-1030x687.jpg 1030w, https:\/\/www.escolamafalda.cat\/wp-content\/uploads\/2020\/12\/Escola_mafalda_P3-768x512.jpg 768w, https:\/\/www.escolamafalda.cat\/wp-content\/uploads\/2020\/12\/Escola_mafalda_P3-705x470.jpg 705w, https:\/\/www.escolamafalda.cat\/wp-content\/uploads\/2020\/12\/Escola_mafalda_P3.jpg 1200w\" sizes=\"(max-width: 300px) 100vw, 300px\" \/><\/a><\/div><\/div><\/div><br \/>\n\n<style type=\"text\/css\" data-created_by=\"avia_inline_auto\" id=\"style-css-av-wjsg-e347fae389d3c7cdd9000bd91c69604e\">\n#top .av-special-heading.av-wjsg-e347fae389d3c7cdd9000bd91c69604e{\npadding-bottom:10px;\n}\nbody .av-special-heading.av-wjsg-e347fae389d3c7cdd9000bd91c69604e .av-special-heading-tag .heading-char{\nfont-size:25px;\n}\n.av-special-heading.av-wjsg-e347fae389d3c7cdd9000bd91c69604e .av-subheading{\nfont-size:15px;\n}\n<\/style>\n<div  class='av-special-heading av-wjsg-e347fae389d3c7cdd9000bd91c69604e av-special-heading-h3 blockquote modern-quote modern-centered  avia-builder-el-17  el_after_av_image  avia-builder-el-last '><h3 class='av-special-heading-tag '  itemprop=\"headline\"  >3-6 A\u00f1os<\/h3><div class=\"special-heading-border\"><div class=\"special-heading-inner-border\"><\/div><\/div><\/div><\/p><\/div><\/div><\/div><\/main><!-- close content main element --><\/div><\/div><div id='after_section_1'  class='main_color av_default_container_wrap container_wrap sidebar_right'  ><div class='container av-section-cont-open' ><div class='template-page content  av-content-small alpha units'><div class='post-entry post-entry-type-page post-entry-1182'><div class='entry-content-wrapper clearfix'>\n","protected":false},"excerpt":{"rendered":"","protected":false},"author":1,"featured_media":0,"parent":0,"menu_order":0,"comment_status":"closed","ping_status":"closed","template":"","meta":{"footnotes":""},"class_list":["post-1182","page","type-page","status-publish","hentry"],"yoast_head":"<!-- This site is optimized with the Yoast SEO plugin v27.4 - https:\/\/yoast.com\/product\/yoast-seo-wordpress\/ -->\n<title>Nuestros espacios - Escola Mafalda<\/title>\n<meta name=\"robots\" content=\"index, follow, max-snippet:-1, max-image-preview:large, max-video-preview:-1\" \/>\n<link rel=\"canonical\" href=\"https:\/\/www.escolamafalda.cat\/es\/els-nostres-espais\/\" \/>\n<meta property=\"og:locale\" content=\"es_ES\" \/>\n<meta property=\"og:type\" content=\"article\" \/>\n<meta property=\"og:title\" content=\"Nuestros espacios - Escola Mafalda\" \/>\n<meta property=\"og:url\" content=\"https:\/\/www.escolamafalda.cat\/es\/els-nostres-espais\/\" \/>\n<meta property=\"og:site_name\" content=\"Escola Mafalda\" \/>\n<meta property=\"article:modified_time\" content=\"2023-04-15T05:44:52+00:00\" \/>\n<meta name=\"twitter:card\" content=\"summary_large_image\" \/>\n<meta name=\"twitter:label1\" content=\"Tiempo de lectura\" \/>\n\t<meta name=\"twitter:data1\" content=\"5 minutos\" \/>\n<script type=\"application\/ld+json\" class=\"yoast-schema-graph\">{\"@context\":\"https:\\\/\\\/schema.org\",\"@graph\":[{\"@type\":\"WebPage\",\"@id\":\"https:\\\/\\\/www.escolamafalda.cat\\\/es\\\/els-nostres-espais\\\/\",\"url\":\"https:\\\/\\\/www.escolamafalda.cat\\\/es\\\/els-nostres-espais\\\/\",\"name\":\"Nuestros espacios - Escola Mafalda\",\"isPartOf\":{\"@id\":\"https:\\\/\\\/www.escolamafalda.cat\\\/es\\\/#website\"},\"datePublished\":\"2021-01-18T20:22:38+00:00\",\"dateModified\":\"2023-04-15T05:44:52+00:00\",\"breadcrumb\":{\"@id\":\"https:\\\/\\\/www.escolamafalda.cat\\\/es\\\/els-nostres-espais\\\/#breadcrumb\"},\"inLanguage\":\"es\",\"potentialAction\":[{\"@type\":\"ReadAction\",\"target\":[\"https:\\\/\\\/www.escolamafalda.cat\\\/es\\\/els-nostres-espais\\\/\"]}]},{\"@type\":\"BreadcrumbList\",\"@id\":\"https:\\\/\\\/www.escolamafalda.cat\\\/es\\\/els-nostres-espais\\\/#breadcrumb\",\"itemListElement\":[{\"@type\":\"ListItem\",\"position\":1,\"name\":\"Inici\",\"item\":\"https:\\\/\\\/www.escolamafalda.cat\\\/es\\\/\"},{\"@type\":\"ListItem\",\"position\":2,\"name\":\"Nuestros espacios\"}]},{\"@type\":\"WebSite\",\"@id\":\"https:\\\/\\\/www.escolamafalda.cat\\\/es\\\/#website\",\"url\":\"https:\\\/\\\/www.escolamafalda.cat\\\/es\\\/\",\"name\":\"Escola Mafalda\",\"description\":\"escola infantil autoritzada pel Departament d\u2019Ensenyament de la Generalitat de Catalunya\",\"potentialAction\":[{\"@type\":\"SearchAction\",\"target\":{\"@type\":\"EntryPoint\",\"urlTemplate\":\"https:\\\/\\\/www.escolamafalda.cat\\\/es\\\/?s={search_term_string}\"},\"query-input\":{\"@type\":\"PropertyValueSpecification\",\"valueRequired\":true,\"valueName\":\"search_term_string\"}}],\"inLanguage\":\"es\"}]}<\/script>\n<!-- \/ Yoast SEO plugin. -->","yoast_head_json":{"title":"Nuestros espacios - Escola Mafalda","robots":{"index":"index","follow":"follow","max-snippet":"max-snippet:-1","max-image-preview":"max-image-preview:large","max-video-preview":"max-video-preview:-1"},"canonical":"https:\/\/www.escolamafalda.cat\/es\/els-nostres-espais\/","og_locale":"es_ES","og_type":"article","og_title":"Nuestros espacios - Escola Mafalda","og_url":"https:\/\/www.escolamafalda.cat\/es\/els-nostres-espais\/","og_site_name":"Escola Mafalda","article_modified_time":"2023-04-15T05:44:52+00:00","twitter_card":"summary_large_image","twitter_misc":{"Tiempo de lectura":"5 minutos"},"schema":{"@context":"https:\/\/schema.org","@graph":[{"@type":"WebPage","@id":"https:\/\/www.escolamafalda.cat\/es\/els-nostres-espais\/","url":"https:\/\/www.escolamafalda.cat\/es\/els-nostres-espais\/","name":"Nuestros espacios - Escola Mafalda","isPartOf":{"@id":"https:\/\/www.escolamafalda.cat\/es\/#website"},"datePublished":"2021-01-18T20:22:38+00:00","dateModified":"2023-04-15T05:44:52+00:00","breadcrumb":{"@id":"https:\/\/www.escolamafalda.cat\/es\/els-nostres-espais\/#breadcrumb"},"inLanguage":"es","potentialAction":[{"@type":"ReadAction","target":["https:\/\/www.escolamafalda.cat\/es\/els-nostres-espais\/"]}]},{"@type":"BreadcrumbList","@id":"https:\/\/www.escolamafalda.cat\/es\/els-nostres-espais\/#breadcrumb","itemListElement":[{"@type":"ListItem","position":1,"name":"Inici","item":"https:\/\/www.escolamafalda.cat\/es\/"},{"@type":"ListItem","position":2,"name":"Nuestros espacios"}]},{"@type":"WebSite","@id":"https:\/\/www.escolamafalda.cat\/es\/#website","url":"https:\/\/www.escolamafalda.cat\/es\/","name":"Escola Mafalda","description":"escola infantil autoritzada pel Departament d\u2019Ensenyament de la Generalitat de Catalunya","potentialAction":[{"@type":"SearchAction","target":{"@type":"EntryPoint","urlTemplate":"https:\/\/www.escolamafalda.cat\/es\/?s={search_term_string}"},"query-input":{"@type":"PropertyValueSpecification","valueRequired":true,"valueName":"search_term_string"}}],"inLanguage":"es"}]}},"_links":{"self":[{"href":"https:\/\/www.escolamafalda.cat\/es\/wp-json\/wp\/v2\/pages\/1182","targetHints":{"allow":["GET"]}}],"collection":[{"href":"https:\/\/www.escolamafalda.cat\/es\/wp-json\/wp\/v2\/pages"}],"about":[{"href":"https:\/\/www.escolamafalda.cat\/es\/wp-json\/wp\/v2\/types\/page"}],"author":[{"embeddable":true,"href":"https:\/\/www.escolamafalda.cat\/es\/wp-json\/wp\/v2\/users\/1"}],"replies":[{"embeddable":true,"href":"https:\/\/www.escolamafalda.cat\/es\/wp-json\/wp\/v2\/comments?post=1182"}],"version-history":[{"count":6,"href":"https:\/\/www.escolamafalda.cat\/es\/wp-json\/wp\/v2\/pages\/1182\/revisions"}],"predecessor-version":[{"id":1243,"href":"https:\/\/www.escolamafalda.cat\/es\/wp-json\/wp\/v2\/pages\/1182\/revisions\/1243"}],"wp:attachment":[{"href":"https:\/\/www.escolamafalda.cat\/es\/wp-json\/wp\/v2\/media?parent=1182"}],"curies":[{"name":"wp","href":"https:\/\/api.w.org\/{rel}","templated":true}]}}