{"id":1206,"date":"2020-10-21T21:16:33","date_gmt":"2020-10-21T19:16:33","guid":{"rendered":"http:\/\/www.escolamafalda.cat\/servicios\/menjador\/"},"modified":"2026-04-01T13:31:38","modified_gmt":"2026-04-01T11:31:38","slug":"comedor","status":"publish","type":"page","link":"https:\/\/www.escolamafalda.cat\/es\/servicios\/comedor\/","title":{"rendered":"Comedor"},"content":{"rendered":"\n<style type=\"text\/css\" data-created_by=\"avia_inline_auto\" id=\"style-css-av-kj757vjf-77ee56b070a403312b8c13e0728c66f1\">\n.avia-section.av-kj757vjf-77ee56b070a403312b8c13e0728c66f1{\nbackground-color:#f6f7fa;\nbackground-image:unset;\n}\n<\/style>\n<div id='av_section_1'  class='avia-section av-kj757vjf-77ee56b070a403312b8c13e0728c66f1 main_color avia-section-default avia-no-border-styling  avia-builder-el-0  el_before_av_section  avia-builder-el-first  avia-bg-style-scroll container_wrap sidebar_right'  ><div class='container av-section-cont-open' ><main  role=\"main\" itemprop=\"mainContentOfPage\"  class='template-page content  av-content-small alpha units'><div class='post-entry post-entry-type-page post-entry-1206'><div class='entry-content-wrapper clearfix'>\n\n<style type=\"text\/css\" data-created_by=\"avia_inline_auto\" id=\"style-css-av-10yii-ce2da11abecb6a33c8d77637d90df1ee\">\n#top .av-special-heading.av-10yii-ce2da11abecb6a33c8d77637d90df1ee{\npadding-bottom:10px;\n}\nbody .av-special-heading.av-10yii-ce2da11abecb6a33c8d77637d90df1ee .av-special-heading-tag .heading-char{\nfont-size:25px;\n}\n.av-special-heading.av-10yii-ce2da11abecb6a33c8d77637d90df1ee .av-subheading{\nfont-size:15px;\n}\n<\/style>\n<div  class='av-special-heading av-10yii-ce2da11abecb6a33c8d77637d90df1ee av-special-heading-h1 blockquote modern-quote  avia-builder-el-1  el_before_av_textblock  avia-builder-el-first '><h1 class='av-special-heading-tag '  itemprop=\"headline\"  >Comedor<\/h1><div class=\"special-heading-border\"><div class=\"special-heading-inner-border\"><\/div><\/div><\/div>\n\n<style type=\"text\/css\" data-created_by=\"avia_inline_auto\" id=\"style-css-av-kj757r8y-2522955629b2b88e06c21d6282cb2555\">\n#top .av_textblock_section.av-kj757r8y-2522955629b2b88e06c21d6282cb2555 .avia_textblock{\nfont-size:18px;\n}\n<\/style>\n<section  class='av_textblock_section av-kj757r8y-2522955629b2b88e06c21d6282cb2555 '   itemscope=\"itemscope\" itemtype=\"https:\/\/schema.org\/CreativeWork\" ><div class='avia_textblock'  itemprop=\"text\" ><p>Disponemos de comedor con cocina propia, ofreciendo cada d\u00eda un men\u00fa variado y elaborado con productos de temporada, nuestros men\u00fas var\u00edan en funci\u00f3n de la estaci\u00f3n del a\u00f1o.<\/p>\n<\/div><\/section>\n\n<\/div><\/div><\/main><!-- close content main element --><\/div><\/div><div id='av_section_2'  class='avia-section av-2bcce-a2a51a460510667503c28522c83b470b main_color avia-section-default avia-no-border-styling  avia-builder-el-3  el_after_av_section  el_before_av_postcontent  avia-bg-style-scroll container_wrap sidebar_right'  ><div class='container av-section-cont-open' ><div class='template-page content  av-content-small alpha units'><div class='post-entry post-entry-type-page post-entry-1206'><div class='entry-content-wrapper clearfix'>\n\n<style type=\"text\/css\" data-created_by=\"avia_inline_auto\" id=\"style-css-av-1k596-9a4c979fb5a599b5acb51e05ca53984e\">\n.flex_column.av-1k596-9a4c979fb5a599b5acb51e05ca53984e{\nborder-radius:0px 0px 0px 0px;\npadding:0px 0px 0px 0px;\n}\n<\/style>\n<div  class='flex_column av-1k596-9a4c979fb5a599b5acb51e05ca53984e av_one_half  avia-builder-el-4  el_before_av_one_half  avia-builder-el-first  first flex_column_div av-zero-column-padding  '     ><p>\n<style type=\"text\/css\" data-created_by=\"avia_inline_auto\" id=\"style-css-av-kk8l6ujb-2628f2a700472b9ec1ae263df1c44403\">\n#top .av-special-heading.av-kk8l6ujb-2628f2a700472b9ec1ae263df1c44403{\npadding-bottom:24px;\n}\nbody .av-special-heading.av-kk8l6ujb-2628f2a700472b9ec1ae263df1c44403 .av-special-heading-tag .heading-char{\nfont-size:25px;\n}\n.av-special-heading.av-kk8l6ujb-2628f2a700472b9ec1ae263df1c44403 .av-subheading{\nfont-size:15px;\n}\n<\/style>\n<div  class='av-special-heading av-kk8l6ujb-2628f2a700472b9ec1ae263df1c44403 av-special-heading-h2 blockquote modern-quote  avia-builder-el-5  el_before_av_textblock  avia-builder-el-first '><h2 class='av-special-heading-tag '  itemprop=\"headline\"  >Cocina propia<\/h2><div class=\"special-heading-border\"><div class=\"special-heading-inner-border\"><\/div><\/div><\/div><br \/>\n<section  class='av_textblock_section av-kj7iixlw-efe16bfb7859f1f90423a549725de2b4 '   itemscope=\"itemscope\" itemtype=\"https:\/\/schema.org\/CreativeWork\" ><div class='avia_textblock'  itemprop=\"text\" ><ul>\n<li>Los alimentos que cocinamos llegan frescos a diario.<\/li>\n<li>Cuidamos las alergias e intolerancias as\u00ed como las dietas especiales.<\/li>\n<li>La escuela ofrece una pieza de fruta a media ma\u00f1ana para todo el alumnado a partir de 1 a\u00f1o..<\/li>\n<li>Al mediod\u00eda ofrecemos un amplio men\u00fa, elaborado en nuestra cocina con productos de temporada.<\/li>\n<li>Por la tarde se ofrece la merienda a todos los alumnos que lo deseen.<\/li>\n<\/ul>\n<\/div><\/section><br \/>\n\n<style type=\"text\/css\" data-created_by=\"avia_inline_auto\" id=\"style-css-av-kk8l75d0-f81b91989c3def766fe2a6fa930135f3\">\n#top .av-special-heading.av-kk8l75d0-f81b91989c3def766fe2a6fa930135f3{\npadding-bottom:24px;\n}\nbody .av-special-heading.av-kk8l75d0-f81b91989c3def766fe2a6fa930135f3 .av-special-heading-tag .heading-char{\nfont-size:25px;\n}\n.av-special-heading.av-kk8l75d0-f81b91989c3def766fe2a6fa930135f3 .av-subheading{\nfont-size:15px;\n}\n<\/style>\n<div  class='av-special-heading av-kk8l75d0-f81b91989c3def766fe2a6fa930135f3 av-special-heading-h2 blockquote modern-quote  avia-builder-el-7  el_after_av_textblock  el_before_av_textblock '><h2 class='av-special-heading-tag '  itemprop=\"headline\"  >Nutricionista<\/h2><div class=\"special-heading-border\"><div class=\"special-heading-inner-border\"><\/div><\/div><\/div><br \/>\n<section  class='av_textblock_section av-kj7iixlw-1-9414b2bc3e66518a636f7806b2182890 '   itemscope=\"itemscope\" itemtype=\"https:\/\/schema.org\/CreativeWork\" ><div class='avia_textblock'  itemprop=\"text\" ><ul>\n<li>Disponemos de un servicio de nutricionista que nos asesora alrededor de los men\u00fas para que los\/las ni\u00f1os\/as sigan una dieta equilibrada y variada.<\/li>\n<li>Proporcionamos un men\u00fa de propuestas de cenas de acuerdo con lo que se come en la escuela.<\/li>\n<li>Los men\u00fas var\u00edan en funci\u00f3n de la estaci\u00f3n del a\u00f1o ya que ofrecemos productos de temporada.<\/li>\n<li>Al migdia oferim un men\u00fa molt variat, elaborat a la nostra cuina amb productes de temporada.<\/li>\n<li>Proporcionamos un servicio de consulta directa con\u00a0<a href=\"http:\/\/www.joseppont.com\/\" target=\"_blank\" rel=\"noopener\">Josep Pont<\/a>\u00a0para aquellas familias que as\u00ed lo deseen.<\/li>\n<\/ul>\n<\/div><\/section><\/p><\/div>\n<style type=\"text\/css\" data-created_by=\"avia_inline_auto\" id=\"style-css-av-157lm-39c18514fbe670681dac67e77a1772ec\">\n.flex_column.av-157lm-39c18514fbe670681dac67e77a1772ec{\nborder-radius:0px 0px 0px 0px;\npadding:0px 0px 0px 0px;\n}\n<\/style>\n<div  class='flex_column av-157lm-39c18514fbe670681dac67e77a1772ec av_one_half  avia-builder-el-9  el_after_av_one_half  avia-builder-el-last  flex_column_div av-zero-column-padding  '     ><p>\n<style type=\"text\/css\" data-created_by=\"avia_inline_auto\" id=\"style-css-av-kk8l72ae-d20aa7a1fa09447986ca64ef3655ffe8\">\n#top .av-special-heading.av-kk8l72ae-d20aa7a1fa09447986ca64ef3655ffe8{\npadding-bottom:24px;\n}\nbody .av-special-heading.av-kk8l72ae-d20aa7a1fa09447986ca64ef3655ffe8 .av-special-heading-tag .heading-char{\nfont-size:25px;\n}\n.av-special-heading.av-kk8l72ae-d20aa7a1fa09447986ca64ef3655ffe8 .av-subheading{\nfont-size:15px;\n}\n<\/style>\n<div  class='av-special-heading av-kk8l72ae-d20aa7a1fa09447986ca64ef3655ffe8 av-special-heading-h2 blockquote modern-quote  avia-builder-el-10  el_before_av_image  avia-builder-el-first '><h2 class='av-special-heading-tag '  itemprop=\"headline\"  >Men\u00fas<\/h2><div class=\"special-heading-border\"><div class=\"special-heading-inner-border\"><\/div><\/div><\/div><br \/>\n\n<style type=\"text\/css\" data-created_by=\"avia_inline_auto\" id=\"style-css-av-kk8l0qej-2116759a27feaa59339270d6adc5ea41\">\n.avia-image-container.av-kk8l0qej-2116759a27feaa59339270d6adc5ea41 img.avia_image{\nbox-shadow:none;\n}\n.avia-image-container.av-kk8l0qej-2116759a27feaa59339270d6adc5ea41 .av-image-caption-overlay-center{\ncolor:#ffffff;\n}\n<\/style>\n<div  class='avia-image-container av-kk8l0qej-2116759a27feaa59339270d6adc5ea41 av-styling- avia-align-center  avia-builder-el-11  el_after_av_heading  el_before_av_buttonrow '   itemprop=\"image\" itemscope=\"itemscope\" itemtype=\"https:\/\/schema.org\/ImageObject\" ><div class=\"avia-image-container-inner\"><div class=\"avia-image-overlay-wrap\"><img decoding=\"async\" fetchpriority=\"high\" class='wp-image-1124 avia-img-lazy-loading-not-1124 avia_image ' src=\"https:\/\/www.escolamafalda.cat\/wp-content\/uploads\/2021\/01\/MENU.png\" alt='' title='MENU'  height=\"568\" width=\"800\"  itemprop=\"thumbnailUrl\" srcset=\"https:\/\/www.escolamafalda.cat\/wp-content\/uploads\/2021\/01\/MENU.png 800w, https:\/\/www.escolamafalda.cat\/wp-content\/uploads\/2021\/01\/MENU-300x213.png 300w, https:\/\/www.escolamafalda.cat\/wp-content\/uploads\/2021\/01\/MENU-768x545.png 768w, https:\/\/www.escolamafalda.cat\/wp-content\/uploads\/2021\/01\/MENU-260x185.png 260w, https:\/\/www.escolamafalda.cat\/wp-content\/uploads\/2021\/01\/MENU-705x501.png 705w\" sizes=\"(max-width: 800px) 100vw, 800px\" \/><\/div><\/div><\/div><br \/>\n<div  class='avia-buttonrow-wrap av-kk488h50-932e9daf274e58800e0f89dd46226257 avia-buttonrow-left  avia-builder-el-12  el_after_av_image  avia-builder-el-last '>\n\n<style type=\"text\/css\" data-created_by=\"avia_inline_auto\" id=\"style-css-av-mgao46of-4dccfd4cc332f1fbc559c63b2954df1b\">\n#top #wrap_all .avia-button.av-mgao46of-4dccfd4cc332f1fbc559c63b2954df1b{\nmargin-bottom:8px;\nmargin-right:8px;\n}\n<\/style>\n<a href='https:\/\/www.escolamafalda.cat\/wp-content\/uploads\/2026\/04\/MENUS-ESCOLA-INFANTIL-MAFALDA-PRIMAVERA-ESTIU-2026.pptx.pdf'  class='avia-button av-mgao46of-4dccfd4cc332f1fbc559c63b2954df1b avia-icon_select-yes-left-icon avia-size-small avia-color-theme-color'   aria-label=\"MEN\u00da\"><span class='avia_button_icon avia_button_icon_left avia-svg-icon avia-font-svg_entypo-fontello' data-av_svg_icon='doc-text' data-av_iconset='svg_entypo-fontello'><svg version=\"1.1\" xmlns=\"http:\/\/www.w3.org\/2000\/svg\" width=\"22\" height=\"32\" viewBox=\"0 0 22 32\" preserveAspectRatio=\"xMidYMid meet\" aria-labelledby='av-svg-title-1' aria-describedby='av-svg-desc-1' role=\"graphics-symbol\">\n<title id='av-svg-title-1'>Doc-text<\/title>\n<desc id='av-svg-desc-1'>Doc-text<\/desc>\n<path d=\"M6.784 17.344v-2.88h8.96v2.88h-8.96zM19.2 1.6q1.344 0 2.272 0.928t0.928 2.272v22.4q0 1.28-0.928 2.24t-2.272 0.96h-16q-1.28 0-2.24-0.96t-0.96-2.24v-22.4q0-1.344 0.96-2.272t2.24-0.928h16zM19.2 27.2v-22.4h-16v22.4h16zM15.68 8.256v2.816h-8.96v-2.816h8.96zM15.68 20.8v2.816h-8.96v-2.816h8.96z\"><\/path>\n<\/svg><\/span><span class='avia_iconbox_title' >MEN\u00da<\/span><\/a>\n<\/div><\/p><\/div>\n[av_section min_height='50' min_height_pc='25' min_height_px='500px' padding='large' custom_margin='0px' custom_margin_sync='true' color='main_color' background='bg_color' custom_bg='#f6f7fa' background_gradient_color1='' background_gradient_color2='' background_gradient_direction='vertical' src='http:\/\/www.escolamafalda.cat\/wp-content\/uploads\/2020\/12\/p0-1500x630.jpg' attachment='408' attachment_size='featured_large' attach='scroll' position='center center' repeat='stretch' video='' video_ratio='16:9' overlay_enable='aviaTBoverlay_enable' overlay_opacity='0.3' overlay_color='#0a0a0a' overlay_pattern='' overlay_custom_pattern='' shadow='no-border-styling' bottom_border='no-border-styling' bottom_border_diagonal_color='#333333' bottom_border_diagonal_direction='' bottom_border_style='' custom_arrow_bg='' id='' custom_class='wrapper-visita' aria_label='' av_element_hidden_in_editor='0' av_uid='av-khg4uvx3']\n\n[av_one_full first min_height='' vertical_alignment='' space='' row_boxshadow='' row_boxshadow_color='' row_boxshadow_width='10' custom_margin='' margin='0px' mobile_breaking='' border='' border_color='' radius='0px' padding='0px' column_boxshadow='' column_boxshadow_color='' column_boxshadow_width='10' background='bg_color' background_color='' background_gradient_color1='' background_gradient_color2='' background_gradient_direction='vertical' src='' background_position='top left' background_repeat='no-repeat' highlight='' highlight_size='' animation='' link='' linktarget='' link_hover='' title_attr='' alt_attr='' mobile_display='' id='' custom_class='' aria_label='' av_uid='av-e6172']\n\n[av_heading heading='\u00bfQuieres venir a visitar Mafalda?' tag='h2' style='blockquote modern-quote' subheading_active='' show_icon='' icon='ue800' font='' size='' av-desktop-font-size-title='' av-medium-font-size-title='' av-small-font-size-title='' av-mini-font-size-title='' subheading_size='' av-desktop-font-size='' av-medium-font-size='' av-small-font-size='' av-mini-font-size='' icon_size='' av-desktop-font-size-1='' av-medium-font-size-1='' av-small-font-size-1='' av-mini-font-size-1='' color='custom-color-heading' custom_font='#ffffff' subheading_color='' seperator_color='' icon_color='' margin='' margin_sync='true' av-desktop-margin='' av-desktop-margin_sync='true' av-medium-margin='' av-medium-margin_sync='true' av-small-margin='' av-small-margin_sync='true' av-mini-margin='' av-mini-margin_sync='true' headline_padding='' headline_padding_sync='true' av-desktop-headline_padding='' av-desktop-headline_padding_sync='true' av-medium-headline_padding='' av-medium-headline_padding_sync='true' av-small-headline_padding='' av-small-headline_padding_sync='true' av-mini-headline_padding='' av-mini-headline_padding_sync='true' padding='10' av-desktop-padding='' av-medium-padding='' av-small-padding='' av-mini-padding='' icon_padding='10' av-desktop-icon_padding='' av-medium-icon_padding='' av-small-icon_padding='' av-mini-icon_padding='' link='' link_target='' id='' custom_class='' template_class='' av_uid='av-9swk6' sc_version='1.0' admin_preview_bg=''][\/av_heading]\n\n[av_textblock textblock_styling_align='' textblock_styling='' textblock_styling_gap='' textblock_styling_mobile='' size='' av-desktop-font-size='' av-medium-font-size='' av-small-font-size='' av-mini-font-size='' font_color='custom' color='#ffffff' id='' custom_class='' template_class='' av_uid='av-kj76d8v9' sc_version='1.0' admin_preview_bg='']\nDescubre nuestro proyecto educativo y nuestra mirada hacia la infancia.\n[\/av_textblock]\n\n[av_button label='QUIERO PROGRAMAR UNA VISITA' icon_select='no' icon='ue826' font='entypo-fontello' link='page,1196' link_target='' size='medium' position='left' label_display='' title_attr='' size-text='' av-desktop-font-size-text='' av-medium-font-size-text='' av-small-font-size-text='' av-mini-font-size-text='' margin='' margin_sync='true' padding='' padding_sync='true' av-desktop-margin='' av-desktop-margin_sync='true' av-desktop-padding='' av-desktop-padding_sync='true' av-medium-margin='' av-medium-margin_sync='true' av-medium-padding='' av-medium-padding_sync='true' av-small-margin='' av-small-margin_sync='true' av-small-padding='' av-small-padding_sync='true' av-mini-margin='' av-mini-margin_sync='true' av-mini-padding='' av-mini-padding_sync='true' color_options='' color='theme-color' custom_bg='#444444' custom_font='#ffffff' btn_color_bg='theme-color' btn_custom_grad_direction='vertical' btn_custom_grad_1='#000000' btn_custom_grad_2='#ffffff' btn_custom_grad_3='' btn_custom_grad_opacity='0.7' btn_custom_bg='#444444' btn_color_bg_hover='theme-color-highlight' btn_custom_bg_hover='#444444' btn_color_font='theme-color' btn_custom_font='#ffffff' btn_color_font_hover='white' btn_custom_font_hover='#ffffff' border='' border_width='' border_width_sync='true' border_color='' border_radius='' border_radius_sync='true' box_shadow='' box_shadow_style='0px,0px,0px,0px' box_shadow_color='' animation='' animation_duration='' animation_custom_bg_color='' animation_z_index_curtain='100' hover_opacity='' sonar_effect_effect='' sonar_effect_color='' sonar_effect_duration='1' sonar_effect_scale='' sonar_effect_opac='0.5' css_position='' css_position_location=',,,' css_position_z_index='' av-desktop-css_position='' av-desktop-css_position_location=',,,' av-desktop-css_position_z_index='' av-medium-css_position='' av-medium-css_position_location=',,,' av-medium-css_position_z_index='' av-small-css_position='' av-small-css_position_location=',,,' av-small-css_position_z_index='' av-mini-css_position='' av-mini-css_position_location=',,,' av-mini-css_position_z_index='' id='' custom_class='btn' template_class='' av_uid='av-khg4tvbm' sc_version='1.0' admin_preview_bg='']\n\n[\/av_one_full][\/av_section][av_section min_height='' min_height_pc='25' min_height_px='500px' padding='default' custom_margin='0px' custom_margin_sync='true' color='alternate_color' background='bg_color' custom_bg='' background_gradient_color1='' background_gradient_color2='' background_gradient_direction='vertical' src='' attachment='' attachment_size='' attach='scroll' position='top left' repeat='no-repeat' video='' video_ratio='16:9' overlay_opacity='0.5' overlay_color='' overlay_pattern='' overlay_custom_pattern='' shadow='no-border-styling' bottom_border='no-border-styling' bottom_border_diagonal_color='#333333' bottom_border_diagonal_direction='' bottom_border_style='' custom_arrow_bg='' id='' custom_class='' aria_label='' av_element_hidden_in_editor='0' av_uid='av-1hf6ni']\n[av_two_fifth first min_height='' vertical_alignment='' space='' row_boxshadow='' row_boxshadow_color='' row_boxshadow_width='10' custom_margin='' margin='0px' mobile_breaking='' border='' border_color='' radius='0px' padding='0px' column_boxshadow='' column_boxshadow_color='' column_boxshadow_width='10' background='bg_color' background_color='' background_gradient_color1='' background_gradient_color2='' background_gradient_direction='vertical' src='' background_position='top left' background_repeat='no-repeat' highlight='' highlight_size='' animation='' link='' linktarget='' link_hover='' title_attr='' alt_attr='' mobile_display='' id='' custom_class='' aria_label='' av_uid='av-182cvq']\n\n[av_sidebar widget_area='Footer - column1' av_uid='av-bocsu']\n\n[\/av_two_fifth][av_one_fifth min_height='' vertical_alignment='' space='' row_boxshadow='' row_boxshadow_color='' row_boxshadow_width='10' custom_margin='' margin='0px' mobile_breaking='' border='' border_color='' radius='0px' padding='0px' column_boxshadow='' column_boxshadow_color='' column_boxshadow_width='10' background='bg_color' background_color='' background_gradient_color1='' background_gradient_color2='' background_gradient_direction='vertical' src='' background_position='top left' background_repeat='no-repeat' highlight='' highlight_size='' animation='' link='' linktarget='' link_hover='' title_attr='' alt_attr='' mobile_display='' id='' custom_class='' aria_label='' av_uid='av-13svf2']\n\n[av_sidebar widget_area='Footer - column2' av_uid='av-vo9gu']\n\n[\/av_one_fifth][av_one_fifth min_height='' vertical_alignment='' space='' row_boxshadow='' row_boxshadow_color='' row_boxshadow_width='10' custom_margin='' margin='0px' mobile_breaking='' border='' border_color='' radius='0px' padding='0px' column_boxshadow='' column_boxshadow_color='' column_boxshadow_width='10' background='bg_color' background_color='' background_gradient_color1='' background_gradient_color2='' background_gradient_direction='vertical' src='' background_position='top left' background_repeat='no-repeat' highlight='' highlight_size='' animation='' link='' linktarget='' link_hover='' title_attr='' alt_attr='' mobile_display='' id='' custom_class='' aria_label='' av_uid='av-tf2mm']\n\n[av_sidebar widget_area='Footer - column3' av_uid='av-ksp0m']\n\n[\/av_one_fifth][av_one_fifth min_height='' vertical_alignment='' space='' row_boxshadow='' row_boxshadow_color='' row_boxshadow_width='10' custom_margin='' margin='0px' mobile_breaking='' border='' border_color='' radius='0px' padding='0px' column_boxshadow='' column_boxshadow_color='' column_boxshadow_width='10' background='bg_color' background_color='' background_gradient_color1='' background_gradient_color2='' background_gradient_direction='vertical' src='' background_position='top left' background_repeat='no-repeat' highlight='' highlight_size='' animation='' link='' linktarget='' link_hover='' title_attr='' alt_attr='' mobile_display='' id='' custom_class='' aria_label='' av_uid='av-fewxq']\n\n[av_sidebar widget_area='Footer - column4' av_uid='av-8v4ie']\n\n[\/av_one_fifth]\n[\/av_section]\n<\/p>\n","protected":false},"excerpt":{"rendered":"","protected":false},"author":1,"featured_media":0,"parent":1132,"menu_order":0,"comment_status":"closed","ping_status":"closed","template":"","meta":{"footnotes":""},"class_list":["post-1206","page","type-page","status-publish","hentry"],"yoast_head":"<!-- This site is optimized with the Yoast SEO plugin v27.4 - https:\/\/yoast.com\/product\/yoast-seo-wordpress\/ -->\n<title>Comedor - Escola Mafalda<\/title>\n<meta name=\"robots\" content=\"index, follow, max-snippet:-1, max-image-preview:large, max-video-preview:-1\" \/>\n<link rel=\"canonical\" href=\"https:\/\/www.escolamafalda.cat\/es\/servicios\/comedor\/\" \/>\n<meta property=\"og:locale\" content=\"es_ES\" \/>\n<meta property=\"og:type\" content=\"article\" \/>\n<meta property=\"og:title\" content=\"Comedor - Escola Mafalda\" \/>\n<meta property=\"og:url\" content=\"https:\/\/www.escolamafalda.cat\/es\/servicios\/comedor\/\" \/>\n<meta property=\"og:site_name\" content=\"Escola Mafalda\" \/>\n<meta property=\"article:modified_time\" content=\"2026-04-01T11:31:38+00:00\" \/>\n<meta name=\"twitter:card\" content=\"summary_large_image\" \/>\n<meta name=\"twitter:label1\" content=\"Tiempo de lectura\" \/>\n\t<meta name=\"twitter:data1\" content=\"4 minutos\" \/>\n<script type=\"application\/ld+json\" class=\"yoast-schema-graph\">{\"@context\":\"https:\\\/\\\/schema.org\",\"@graph\":[{\"@type\":\"WebPage\",\"@id\":\"https:\\\/\\\/www.escolamafalda.cat\\\/es\\\/servicios\\\/comedor\\\/\",\"url\":\"https:\\\/\\\/www.escolamafalda.cat\\\/es\\\/servicios\\\/comedor\\\/\",\"name\":\"Comedor - Escola Mafalda\",\"isPartOf\":{\"@id\":\"https:\\\/\\\/www.escolamafalda.cat\\\/es\\\/#website\"},\"datePublished\":\"2020-10-21T19:16:33+00:00\",\"dateModified\":\"2026-04-01T11:31:38+00:00\",\"breadcrumb\":{\"@id\":\"https:\\\/\\\/www.escolamafalda.cat\\\/es\\\/servicios\\\/comedor\\\/#breadcrumb\"},\"inLanguage\":\"es\",\"potentialAction\":[{\"@type\":\"ReadAction\",\"target\":[\"https:\\\/\\\/www.escolamafalda.cat\\\/es\\\/servicios\\\/comedor\\\/\"]}]},{\"@type\":\"BreadcrumbList\",\"@id\":\"https:\\\/\\\/www.escolamafalda.cat\\\/es\\\/servicios\\\/comedor\\\/#breadcrumb\",\"itemListElement\":[{\"@type\":\"ListItem\",\"position\":1,\"name\":\"Inici\",\"item\":\"https:\\\/\\\/www.escolamafalda.cat\\\/es\\\/\"},{\"@type\":\"ListItem\",\"position\":2,\"name\":\"Servicios\",\"item\":\"https:\\\/\\\/www.escolamafalda.cat\\\/es\\\/servicios\\\/\"},{\"@type\":\"ListItem\",\"position\":3,\"name\":\"Comedor\"}]},{\"@type\":\"WebSite\",\"@id\":\"https:\\\/\\\/www.escolamafalda.cat\\\/es\\\/#website\",\"url\":\"https:\\\/\\\/www.escolamafalda.cat\\\/es\\\/\",\"name\":\"Escola Mafalda\",\"description\":\"escola infantil autoritzada pel Departament d\u2019Ensenyament de la Generalitat de Catalunya\",\"potentialAction\":[{\"@type\":\"SearchAction\",\"target\":{\"@type\":\"EntryPoint\",\"urlTemplate\":\"https:\\\/\\\/www.escolamafalda.cat\\\/es\\\/?s={search_term_string}\"},\"query-input\":{\"@type\":\"PropertyValueSpecification\",\"valueRequired\":true,\"valueName\":\"search_term_string\"}}],\"inLanguage\":\"es\"}]}<\/script>\n<!-- \/ Yoast SEO plugin. -->","yoast_head_json":{"title":"Comedor - Escola Mafalda","robots":{"index":"index","follow":"follow","max-snippet":"max-snippet:-1","max-image-preview":"max-image-preview:large","max-video-preview":"max-video-preview:-1"},"canonical":"https:\/\/www.escolamafalda.cat\/es\/servicios\/comedor\/","og_locale":"es_ES","og_type":"article","og_title":"Comedor - Escola Mafalda","og_url":"https:\/\/www.escolamafalda.cat\/es\/servicios\/comedor\/","og_site_name":"Escola Mafalda","article_modified_time":"2026-04-01T11:31:38+00:00","twitter_card":"summary_large_image","twitter_misc":{"Tiempo de lectura":"4 minutos"},"schema":{"@context":"https:\/\/schema.org","@graph":[{"@type":"WebPage","@id":"https:\/\/www.escolamafalda.cat\/es\/servicios\/comedor\/","url":"https:\/\/www.escolamafalda.cat\/es\/servicios\/comedor\/","name":"Comedor - Escola Mafalda","isPartOf":{"@id":"https:\/\/www.escolamafalda.cat\/es\/#website"},"datePublished":"2020-10-21T19:16:33+00:00","dateModified":"2026-04-01T11:31:38+00:00","breadcrumb":{"@id":"https:\/\/www.escolamafalda.cat\/es\/servicios\/comedor\/#breadcrumb"},"inLanguage":"es","potentialAction":[{"@type":"ReadAction","target":["https:\/\/www.escolamafalda.cat\/es\/servicios\/comedor\/"]}]},{"@type":"BreadcrumbList","@id":"https:\/\/www.escolamafalda.cat\/es\/servicios\/comedor\/#breadcrumb","itemListElement":[{"@type":"ListItem","position":1,"name":"Inici","item":"https:\/\/www.escolamafalda.cat\/es\/"},{"@type":"ListItem","position":2,"name":"Servicios","item":"https:\/\/www.escolamafalda.cat\/es\/servicios\/"},{"@type":"ListItem","position":3,"name":"Comedor"}]},{"@type":"WebSite","@id":"https:\/\/www.escolamafalda.cat\/es\/#website","url":"https:\/\/www.escolamafalda.cat\/es\/","name":"Escola Mafalda","description":"escola infantil autoritzada pel Departament d\u2019Ensenyament de la Generalitat de Catalunya","potentialAction":[{"@type":"SearchAction","target":{"@type":"EntryPoint","urlTemplate":"https:\/\/www.escolamafalda.cat\/es\/?s={search_term_string}"},"query-input":{"@type":"PropertyValueSpecification","valueRequired":true,"valueName":"search_term_string"}}],"inLanguage":"es"}]}},"_links":{"self":[{"href":"https:\/\/www.escolamafalda.cat\/es\/wp-json\/wp\/v2\/pages\/1206","targetHints":{"allow":["GET"]}}],"collection":[{"href":"https:\/\/www.escolamafalda.cat\/es\/wp-json\/wp\/v2\/pages"}],"about":[{"href":"https:\/\/www.escolamafalda.cat\/es\/wp-json\/wp\/v2\/types\/page"}],"author":[{"embeddable":true,"href":"https:\/\/www.escolamafalda.cat\/es\/wp-json\/wp\/v2\/users\/1"}],"replies":[{"embeddable":true,"href":"https:\/\/www.escolamafalda.cat\/es\/wp-json\/wp\/v2\/comments?post=1206"}],"version-history":[{"count":52,"href":"https:\/\/www.escolamafalda.cat\/es\/wp-json\/wp\/v2\/pages\/1206\/revisions"}],"predecessor-version":[{"id":3255,"href":"https:\/\/www.escolamafalda.cat\/es\/wp-json\/wp\/v2\/pages\/1206\/revisions\/3255"}],"up":[{"embeddable":true,"href":"https:\/\/www.escolamafalda.cat\/es\/wp-json\/wp\/v2\/pages\/1132"}],"wp:attachment":[{"href":"https:\/\/www.escolamafalda.cat\/es\/wp-json\/wp\/v2\/media?parent=1206"}],"curies":[{"name":"wp","href":"https:\/\/api.w.org\/{rel}","templated":true}]}}