{"id":1218,"date":"2020-10-21T21:20:49","date_gmt":"2020-10-21T19:20:49","guid":{"rendered":"http:\/\/www.escolamafalda.cat\/tarifas\/3-6-concertada\/"},"modified":"2025-07-30T10:09:55","modified_gmt":"2025-07-30T08:09:55","slug":"3-6-concertada","status":"publish","type":"page","link":"https:\/\/www.escolamafalda.cat\/es\/tarifas\/3-6-concertada\/","title":{"rendered":"3 &#8211; 6 (Concertada)"},"content":{"rendered":"\n<style type=\"text\/css\" data-created_by=\"avia_inline_auto\" id=\"style-css-av-kj757vjf-77ee56b070a403312b8c13e0728c66f1\">\n.avia-section.av-kj757vjf-77ee56b070a403312b8c13e0728c66f1{\nbackground-color:#f6f7fa;\nbackground-image:unset;\n}\n<\/style>\n<div id='av_section_1'  class='avia-section av-kj757vjf-77ee56b070a403312b8c13e0728c66f1 main_color avia-section-default avia-no-border-styling  avia-builder-el-0  el_before_av_section  avia-builder-el-first  avia-bg-style-scroll container_wrap sidebar_right'  ><div class='container av-section-cont-open' ><main  role=\"main\" itemprop=\"mainContentOfPage\"  class='template-page content  av-content-small alpha units'><div class='post-entry post-entry-type-page post-entry-1218'><div class='entry-content-wrapper clearfix'>\n\n<style type=\"text\/css\" data-created_by=\"avia_inline_auto\" id=\"style-css-av-kj7lq6cw-347360afb97b3c1fc76b6f3a448d78ea\">\n#top .av-special-heading.av-kj7lq6cw-347360afb97b3c1fc76b6f3a448d78ea{\npadding-bottom:10px;\n}\nbody .av-special-heading.av-kj7lq6cw-347360afb97b3c1fc76b6f3a448d78ea .av-special-heading-tag .heading-char{\nfont-size:25px;\n}\n.av-special-heading.av-kj7lq6cw-347360afb97b3c1fc76b6f3a448d78ea .av-subheading{\nfont-size:15px;\n}\n<\/style>\n<div  class='av-special-heading av-kj7lq6cw-347360afb97b3c1fc76b6f3a448d78ea av-special-heading-h1 blockquote modern-quote  avia-builder-el-1  avia-builder-el-no-sibling '><h1 class='av-special-heading-tag '  itemprop=\"headline\"  >3 &#8211; 6 (Concertada)<\/h1><div class=\"special-heading-border\"><div class=\"special-heading-inner-border\"><\/div><\/div><\/div>\n\n<\/div><\/div><\/main><!-- close content main element --><\/div><\/div><div id='av_section_2'  class='avia-section av-4af5g-792352adba5b5280f6456980ddeae935 main_color avia-section-default avia-no-border-styling  avia-builder-el-2  el_after_av_section  el_before_av_postcontent  avia-bg-style-scroll container_wrap sidebar_right'  ><div class='container av-section-cont-open' ><div class='template-page content  av-content-small alpha units'><div class='post-entry post-entry-type-page post-entry-1218'><div class='entry-content-wrapper clearfix'>\n<section  class='av_textblock_section av-kk31o4it-b46e114add7ab75dc69689051e5ba88b '   itemscope=\"itemscope\" itemtype=\"https:\/\/schema.org\/CreativeWork\" ><div class='avia_textblock'  itemprop=\"text\" ><h2>CUOTA PLANA<\/h2>\n<p>Todos los meses el mismo importe, excepto para actividades opcionales (excursiones, extraescolares, colonias).<br \/>\nEl recibo ser\u00e1 de: <strong>Servicios escolares + Actividades complementarias + Servicio de comedor<\/strong> (<em>opcional<\/em>).<\/p>\n<\/div><\/section>\n\n<style type=\"text\/css\" data-created_by=\"avia_inline_auto\" id=\"style-css-av-3vyuw-9e604a623118d0a90ee5cee1b7369e96\">\n.flex_column.av-3vyuw-9e604a623118d0a90ee5cee1b7369e96{\nborder-radius:4px 4px 4px 4px;\npadding:24px 24px 24px 24px;\nbackground-color:#f6f7fa;\n}\n<\/style>\n<div  class='flex_column av-3vyuw-9e604a623118d0a90ee5cee1b7369e96 av_one_full  avia-builder-el-4  el_after_av_textblock  el_before_av_one_full  first flex_column_div  column-top-margin'     ><p><div  class='av-catalogue-container av-kj7m79fp-8aa4eceb3a37ff490c14f8c4547ee986  avia-builder-el-5  el_before_av_catalogue  avia-builder-el-first '><ul class='av-catalogue-list'>\n<li><div class='av-catalogue-item av-2uipk-19c0976e4c4bd2351ae388349697839f' ><div class=\"av-catalogue-item-inner\"><div class=\"av-catalogue-title-container\"><div class='av-catalogue-title'>Servicios escolares (Son 10 cuotas \/ curso)<\/div><div class='av-catalogue-price'>220,37 \u20ac \/ mes<\/div><\/div><div class=\"av-catalogue-content\">\nIncluye:<\/p>\n<ul>\n<li>Seguros, gabinete psicopedag\u00f3gico, vigilancia, proyectos pedag\u00f3gicos, y auxiliars d&#8217;angl\u00e8s: 95,90\u20ac<\/li>\n<li>Material escolar (\u00e1lbumes, informatizaci\u00f3n, material complementario y fungible, y material exterior): 75,10\u20ac<\/li>\n<li>Actividades l\u00fadicas (festival de fin de curso, teatro, horas extra de m\u00fasica, grabaciones, ensayos y fiestas tradicionales de la escuela): 34,80\u20ac<\/li>\n<li>Ajedrez: 14,69\u20ac<\/li>\n<\/ul>\n<\/div><\/div><\/div><\/li>\n<\/ul><\/div><br \/>\n<div  class='av-catalogue-container av-kj7m79fp-8aa4eceb3a37ff490c14f8c4547ee986  avia-builder-el-6  el_after_av_catalogue  el_before_av_catalogue '><ul class='av-catalogue-list'>\n<li><div class='av-catalogue-item av-2a1ts-c6a6e134b90073882b7c5f569dbd4344' ><div class=\"av-catalogue-item-inner\"><div class=\"av-catalogue-title-container\"><div class='av-catalogue-title'>Actividades complementarias (Son 10 cuotas \/ curso)<\/div><div class='av-catalogue-price'>85\u20ac \/ mes<\/div><\/div><div class=\"av-catalogue-content\">\n(Cuota autorizada por el Consorcio de Educaci\u00f3n de Barcelona)<\/p>\n<p>Incluye:<\/p>\n<ul>\n<li>La sexta hora: m\u00fasica, ingl\u00e9s, taller de arte pl\u00e1stico y psicomotricidad.<\/li>\n<\/ul>\n<\/div><\/div><\/div><\/li>\n<\/ul><\/div><br \/>\n<div  class='av-catalogue-container av-kj7m79fp-8aa4eceb3a37ff490c14f8c4547ee986  avia-builder-el-7  el_after_av_catalogue  avia-builder-el-last '><ul class='av-catalogue-list'>\n<li><div class='av-catalogue-item av-1aprc-a8e80488e6b90478336d4ab81d04835f' ><div class=\"av-catalogue-item-inner\"><div class=\"av-catalogue-title-container\"><div class='av-catalogue-title'>Servicio de comedor media pensi\u00f3n (opcional)<\/div><div class='av-catalogue-price'>252,36\u20ac \/ mes<\/div><\/div><div class=\"av-catalogue-content\">\nIncluye:<\/p>\n<ul>\n<li>Fruta a media ma\u00f1ana, comida y merienda.<\/li>\n<li>Servicio de cocina propia y limpieza.<\/li>\n<li>Servicio de monitorizaci\u00f3n (vigilancia, rato de juego y siesta).<\/li>\n<\/ul>\n<\/div><\/div><\/div><\/li>\n<\/ul><\/div><\/p><\/div>\n<style type=\"text\/css\" data-created_by=\"avia_inline_auto\" id=\"style-css-av-u5rs-582c0cd4bbf6474fee8344d1bb91d7f0\">\n.flex_column.av-u5rs-582c0cd4bbf6474fee8344d1bb91d7f0{\nborder-radius:0px 0px 0px 0px;\npadding:0px 0px 0px 0px;\n}\n<\/style>\n<div  class='flex_column av-u5rs-582c0cd4bbf6474fee8344d1bb91d7f0 av_one_full  avia-builder-el-8  el_after_av_one_full  avia-builder-el-last  first flex_column_div av-zero-column-padding  column-top-margin'     ><section  class='av_textblock_section av-kj7m3uwp-0dd4deac50fbf43a99edca393ff5e766 '   itemscope=\"itemscope\" itemtype=\"https:\/\/schema.org\/CreativeWork\" ><div class='avia_textblock'  itemprop=\"text\" ><h3>Informaci\u00f3n<\/h3>\n<ul>\n<li>Los alumnos que tienen un hermano en la escuela tienen un descuento del 5% en la cuota de servicios escolares y un 10% en la media pensi\u00f3n.<\/li>\n<li>Las cuotas no incluyen: extraescolares, excursiones, salidas culturales y equipo escolar.<\/li>\n<li>Los alumnos que falten a la escuela 5 d\u00edas laborables consecutivos, se les abonar\u00e1 la parte proporcional del servicio de comedor (siempre por periodos de 5 en 5 d\u00edas).<\/li>\n<li>Las tarifas se ajustar\u00e1n cada curso con el IPC correspondiente.<\/li>\n<\/ul>\n<\/div><\/section><\/div>\n[av_section min_height='50' min_height_pc='25' min_height_px='500px' padding='large' custom_margin='0px' custom_margin_sync='true' color='main_color' background='bg_color' custom_bg='#f6f7fa' background_gradient_color1='' background_gradient_color2='' background_gradient_direction='vertical' src='http:\/\/www.escolamafalda.cat\/wp-content\/uploads\/2020\/12\/p0-1500x630.jpg' attachment='408' attachment_size='featured_large' attach='scroll' position='center center' repeat='stretch' video='' video_ratio='16:9' overlay_enable='aviaTBoverlay_enable' overlay_opacity='0.3' overlay_color='#0a0a0a' overlay_pattern='' overlay_custom_pattern='' shadow='no-border-styling' bottom_border='no-border-styling' bottom_border_diagonal_color='#333333' bottom_border_diagonal_direction='' bottom_border_style='' custom_arrow_bg='' id='' custom_class='wrapper-visita' aria_label='' av_element_hidden_in_editor='0' av_uid='av-khg4uvx3']\n\n[av_one_full first min_height='' vertical_alignment='' space='' row_boxshadow='' row_boxshadow_color='' row_boxshadow_width='10' custom_margin='' margin='0px' mobile_breaking='' border='' border_color='' radius='0px' padding='0px' column_boxshadow='' column_boxshadow_color='' column_boxshadow_width='10' background='bg_color' background_color='' background_gradient_color1='' background_gradient_color2='' background_gradient_direction='vertical' src='' background_position='top left' background_repeat='no-repeat' highlight='' highlight_size='' animation='' link='' linktarget='' link_hover='' title_attr='' alt_attr='' mobile_display='' id='' custom_class='' aria_label='' av_uid='av-e6172']\n\n[av_heading heading='\u00bfQuieres venir a visitar Mafalda?' tag='h2' style='blockquote modern-quote' subheading_active='' show_icon='' icon='ue800' font='' size='' av-desktop-font-size-title='' av-medium-font-size-title='' av-small-font-size-title='' av-mini-font-size-title='' subheading_size='' av-desktop-font-size='' av-medium-font-size='' av-small-font-size='' av-mini-font-size='' icon_size='' av-desktop-font-size-1='' av-medium-font-size-1='' av-small-font-size-1='' av-mini-font-size-1='' color='custom-color-heading' custom_font='#ffffff' subheading_color='' seperator_color='' icon_color='' margin='' margin_sync='true' av-desktop-margin='' av-desktop-margin_sync='true' av-medium-margin='' av-medium-margin_sync='true' av-small-margin='' av-small-margin_sync='true' av-mini-margin='' av-mini-margin_sync='true' headline_padding='' headline_padding_sync='true' av-desktop-headline_padding='' av-desktop-headline_padding_sync='true' av-medium-headline_padding='' av-medium-headline_padding_sync='true' av-small-headline_padding='' av-small-headline_padding_sync='true' av-mini-headline_padding='' av-mini-headline_padding_sync='true' padding='10' av-desktop-padding='' av-medium-padding='' av-small-padding='' av-mini-padding='' icon_padding='10' av-desktop-icon_padding='' av-medium-icon_padding='' av-small-icon_padding='' av-mini-icon_padding='' link='' link_target='' id='' custom_class='' template_class='' av_uid='av-9swk6' sc_version='1.0' admin_preview_bg=''][\/av_heading]\n\n[av_textblock textblock_styling_align='' textblock_styling='' textblock_styling_gap='' textblock_styling_mobile='' size='' av-desktop-font-size='' av-medium-font-size='' av-small-font-size='' av-mini-font-size='' font_color='custom' color='#ffffff' id='' custom_class='' template_class='' av_uid='av-kj76d8v9' sc_version='1.0' admin_preview_bg='']\nDescubre nuestro proyecto educativo y nuestra mirada hacia la infancia.\n[\/av_textblock]\n\n[av_button label='QUIERO PROGRAMAR UNA VISITA' icon_select='no' icon='ue826' font='entypo-fontello' link='page,1196' link_target='' size='medium' position='left' label_display='' title_attr='' size-text='' av-desktop-font-size-text='' av-medium-font-size-text='' av-small-font-size-text='' av-mini-font-size-text='' margin='' margin_sync='true' padding='' padding_sync='true' av-desktop-margin='' av-desktop-margin_sync='true' av-desktop-padding='' av-desktop-padding_sync='true' av-medium-margin='' av-medium-margin_sync='true' av-medium-padding='' av-medium-padding_sync='true' av-small-margin='' av-small-margin_sync='true' av-small-padding='' av-small-padding_sync='true' av-mini-margin='' av-mini-margin_sync='true' av-mini-padding='' av-mini-padding_sync='true' color_options='' color='theme-color' custom_bg='#444444' custom_font='#ffffff' btn_color_bg='theme-color' btn_custom_grad_direction='vertical' btn_custom_grad_1='#000000' btn_custom_grad_2='#ffffff' btn_custom_grad_3='' btn_custom_grad_opacity='0.7' btn_custom_bg='#444444' btn_color_bg_hover='theme-color-highlight' btn_custom_bg_hover='#444444' btn_color_font='theme-color' btn_custom_font='#ffffff' btn_color_font_hover='white' btn_custom_font_hover='#ffffff' border='' border_width='' border_width_sync='true' border_color='' border_radius='' border_radius_sync='true' box_shadow='' box_shadow_style='0px,0px,0px,0px' box_shadow_color='' animation='' animation_duration='' animation_custom_bg_color='' animation_z_index_curtain='100' hover_opacity='' sonar_effect_effect='' sonar_effect_color='' sonar_effect_duration='1' sonar_effect_scale='' sonar_effect_opac='0.5' css_position='' css_position_location=',,,' css_position_z_index='' av-desktop-css_position='' av-desktop-css_position_location=',,,' av-desktop-css_position_z_index='' av-medium-css_position='' av-medium-css_position_location=',,,' av-medium-css_position_z_index='' av-small-css_position='' av-small-css_position_location=',,,' av-small-css_position_z_index='' av-mini-css_position='' av-mini-css_position_location=',,,' av-mini-css_position_z_index='' id='' custom_class='btn' template_class='' av_uid='av-khg4tvbm' sc_version='1.0' admin_preview_bg='']\n\n[\/av_one_full][\/av_section][av_section min_height='' min_height_pc='25' min_height_px='500px' padding='default' custom_margin='0px' custom_margin_sync='true' color='alternate_color' background='bg_color' custom_bg='' background_gradient_color1='' background_gradient_color2='' background_gradient_direction='vertical' src='' attachment='' attachment_size='' attach='scroll' position='top left' repeat='no-repeat' video='' video_ratio='16:9' overlay_opacity='0.5' overlay_color='' overlay_pattern='' overlay_custom_pattern='' shadow='no-border-styling' bottom_border='no-border-styling' bottom_border_diagonal_color='#333333' bottom_border_diagonal_direction='' bottom_border_style='' custom_arrow_bg='' id='' custom_class='' aria_label='' av_element_hidden_in_editor='0' av_uid='av-1hf6ni']\n[av_two_fifth first min_height='' vertical_alignment='' space='' row_boxshadow='' row_boxshadow_color='' row_boxshadow_width='10' custom_margin='' margin='0px' mobile_breaking='' border='' border_color='' radius='0px' padding='0px' column_boxshadow='' column_boxshadow_color='' column_boxshadow_width='10' background='bg_color' background_color='' background_gradient_color1='' background_gradient_color2='' background_gradient_direction='vertical' src='' background_position='top left' background_repeat='no-repeat' highlight='' highlight_size='' animation='' link='' linktarget='' link_hover='' title_attr='' alt_attr='' mobile_display='' id='' custom_class='' aria_label='' av_uid='av-182cvq']\n\n[av_sidebar widget_area='Footer - column1' av_uid='av-bocsu']\n\n[\/av_two_fifth][av_one_fifth min_height='' vertical_alignment='' space='' row_boxshadow='' row_boxshadow_color='' row_boxshadow_width='10' custom_margin='' margin='0px' mobile_breaking='' border='' border_color='' radius='0px' padding='0px' column_boxshadow='' column_boxshadow_color='' column_boxshadow_width='10' background='bg_color' background_color='' background_gradient_color1='' background_gradient_color2='' background_gradient_direction='vertical' src='' background_position='top left' background_repeat='no-repeat' highlight='' highlight_size='' animation='' link='' linktarget='' link_hover='' title_attr='' alt_attr='' mobile_display='' id='' custom_class='' aria_label='' av_uid='av-13svf2']\n\n[av_sidebar widget_area='Footer - column2' av_uid='av-vo9gu']\n\n[\/av_one_fifth][av_one_fifth min_height='' vertical_alignment='' space='' row_boxshadow='' row_boxshadow_color='' row_boxshadow_width='10' custom_margin='' margin='0px' mobile_breaking='' border='' border_color='' radius='0px' padding='0px' column_boxshadow='' column_boxshadow_color='' column_boxshadow_width='10' background='bg_color' background_color='' background_gradient_color1='' background_gradient_color2='' background_gradient_direction='vertical' src='' background_position='top left' background_repeat='no-repeat' highlight='' highlight_size='' animation='' link='' linktarget='' link_hover='' title_attr='' alt_attr='' mobile_display='' id='' custom_class='' aria_label='' av_uid='av-tf2mm']\n\n[av_sidebar widget_area='Footer - column3' av_uid='av-ksp0m']\n\n[\/av_one_fifth][av_one_fifth min_height='' vertical_alignment='' space='' row_boxshadow='' row_boxshadow_color='' row_boxshadow_width='10' custom_margin='' margin='0px' mobile_breaking='' border='' border_color='' radius='0px' padding='0px' column_boxshadow='' column_boxshadow_color='' column_boxshadow_width='10' background='bg_color' background_color='' background_gradient_color1='' background_gradient_color2='' background_gradient_direction='vertical' src='' background_position='top left' background_repeat='no-repeat' highlight='' highlight_size='' animation='' link='' linktarget='' link_hover='' title_attr='' alt_attr='' mobile_display='' id='' custom_class='' aria_label='' av_uid='av-fewxq']\n\n[av_sidebar widget_area='Footer - column4' av_uid='av-8v4ie']\n\n[\/av_one_fifth]\n[\/av_section]\n<\/p>\n","protected":false},"excerpt":{"rendered":"","protected":false},"author":1,"featured_media":0,"parent":1136,"menu_order":1,"comment_status":"closed","ping_status":"closed","template":"","meta":{"footnotes":""},"class_list":["post-1218","page","type-page","status-publish","hentry"],"yoast_head":"<!-- This site is optimized with the Yoast SEO plugin v27.4 - https:\/\/yoast.com\/product\/yoast-seo-wordpress\/ -->\n<title>3 - 6 (Concertada) - Escola Mafalda<\/title>\n<meta name=\"robots\" content=\"index, follow, max-snippet:-1, max-image-preview:large, max-video-preview:-1\" \/>\n<link rel=\"canonical\" href=\"https:\/\/www.escolamafalda.cat\/es\/tarifas\/3-6-concertada\/\" \/>\n<meta property=\"og:locale\" content=\"es_ES\" \/>\n<meta property=\"og:type\" content=\"article\" \/>\n<meta property=\"og:title\" content=\"3 - 6 (Concertada) - Escola Mafalda\" \/>\n<meta property=\"og:url\" content=\"https:\/\/www.escolamafalda.cat\/es\/tarifas\/3-6-concertada\/\" \/>\n<meta property=\"og:site_name\" content=\"Escola Mafalda\" \/>\n<meta property=\"article:modified_time\" content=\"2025-07-30T08:09:55+00:00\" \/>\n<meta name=\"twitter:card\" content=\"summary_large_image\" \/>\n<meta name=\"twitter:label1\" content=\"Tiempo de lectura\" \/>\n\t<meta name=\"twitter:data1\" content=\"4 minutos\" \/>\n<script type=\"application\/ld+json\" class=\"yoast-schema-graph\">{\"@context\":\"https:\\\/\\\/schema.org\",\"@graph\":[{\"@type\":\"WebPage\",\"@id\":\"https:\\\/\\\/www.escolamafalda.cat\\\/es\\\/tarifas\\\/3-6-concertada\\\/\",\"url\":\"https:\\\/\\\/www.escolamafalda.cat\\\/es\\\/tarifas\\\/3-6-concertada\\\/\",\"name\":\"3 - 6 (Concertada) - Escola Mafalda\",\"isPartOf\":{\"@id\":\"https:\\\/\\\/www.escolamafalda.cat\\\/es\\\/#website\"},\"datePublished\":\"2020-10-21T19:20:49+00:00\",\"dateModified\":\"2025-07-30T08:09:55+00:00\",\"breadcrumb\":{\"@id\":\"https:\\\/\\\/www.escolamafalda.cat\\\/es\\\/tarifas\\\/3-6-concertada\\\/#breadcrumb\"},\"inLanguage\":\"es\",\"potentialAction\":[{\"@type\":\"ReadAction\",\"target\":[\"https:\\\/\\\/www.escolamafalda.cat\\\/es\\\/tarifas\\\/3-6-concertada\\\/\"]}]},{\"@type\":\"BreadcrumbList\",\"@id\":\"https:\\\/\\\/www.escolamafalda.cat\\\/es\\\/tarifas\\\/3-6-concertada\\\/#breadcrumb\",\"itemListElement\":[{\"@type\":\"ListItem\",\"position\":1,\"name\":\"Inici\",\"item\":\"https:\\\/\\\/www.escolamafalda.cat\\\/es\\\/\"},{\"@type\":\"ListItem\",\"position\":2,\"name\":\"Tarifas\",\"item\":\"https:\\\/\\\/www.escolamafalda.cat\\\/es\\\/tarifas\\\/\"},{\"@type\":\"ListItem\",\"position\":3,\"name\":\"3 &#8211; 6 (Concertada)\"}]},{\"@type\":\"WebSite\",\"@id\":\"https:\\\/\\\/www.escolamafalda.cat\\\/es\\\/#website\",\"url\":\"https:\\\/\\\/www.escolamafalda.cat\\\/es\\\/\",\"name\":\"Escola Mafalda\",\"description\":\"escola infantil autoritzada pel Departament d\u2019Ensenyament de la Generalitat de Catalunya\",\"potentialAction\":[{\"@type\":\"SearchAction\",\"target\":{\"@type\":\"EntryPoint\",\"urlTemplate\":\"https:\\\/\\\/www.escolamafalda.cat\\\/es\\\/?s={search_term_string}\"},\"query-input\":{\"@type\":\"PropertyValueSpecification\",\"valueRequired\":true,\"valueName\":\"search_term_string\"}}],\"inLanguage\":\"es\"}]}<\/script>\n<!-- \/ Yoast SEO plugin. -->","yoast_head_json":{"title":"3 - 6 (Concertada) - Escola Mafalda","robots":{"index":"index","follow":"follow","max-snippet":"max-snippet:-1","max-image-preview":"max-image-preview:large","max-video-preview":"max-video-preview:-1"},"canonical":"https:\/\/www.escolamafalda.cat\/es\/tarifas\/3-6-concertada\/","og_locale":"es_ES","og_type":"article","og_title":"3 - 6 (Concertada) - Escola Mafalda","og_url":"https:\/\/www.escolamafalda.cat\/es\/tarifas\/3-6-concertada\/","og_site_name":"Escola Mafalda","article_modified_time":"2025-07-30T08:09:55+00:00","twitter_card":"summary_large_image","twitter_misc":{"Tiempo de lectura":"4 minutos"},"schema":{"@context":"https:\/\/schema.org","@graph":[{"@type":"WebPage","@id":"https:\/\/www.escolamafalda.cat\/es\/tarifas\/3-6-concertada\/","url":"https:\/\/www.escolamafalda.cat\/es\/tarifas\/3-6-concertada\/","name":"3 - 6 (Concertada) - Escola Mafalda","isPartOf":{"@id":"https:\/\/www.escolamafalda.cat\/es\/#website"},"datePublished":"2020-10-21T19:20:49+00:00","dateModified":"2025-07-30T08:09:55+00:00","breadcrumb":{"@id":"https:\/\/www.escolamafalda.cat\/es\/tarifas\/3-6-concertada\/#breadcrumb"},"inLanguage":"es","potentialAction":[{"@type":"ReadAction","target":["https:\/\/www.escolamafalda.cat\/es\/tarifas\/3-6-concertada\/"]}]},{"@type":"BreadcrumbList","@id":"https:\/\/www.escolamafalda.cat\/es\/tarifas\/3-6-concertada\/#breadcrumb","itemListElement":[{"@type":"ListItem","position":1,"name":"Inici","item":"https:\/\/www.escolamafalda.cat\/es\/"},{"@type":"ListItem","position":2,"name":"Tarifas","item":"https:\/\/www.escolamafalda.cat\/es\/tarifas\/"},{"@type":"ListItem","position":3,"name":"3 &#8211; 6 (Concertada)"}]},{"@type":"WebSite","@id":"https:\/\/www.escolamafalda.cat\/es\/#website","url":"https:\/\/www.escolamafalda.cat\/es\/","name":"Escola Mafalda","description":"escola infantil autoritzada pel Departament d\u2019Ensenyament de la Generalitat de Catalunya","potentialAction":[{"@type":"SearchAction","target":{"@type":"EntryPoint","urlTemplate":"https:\/\/www.escolamafalda.cat\/es\/?s={search_term_string}"},"query-input":{"@type":"PropertyValueSpecification","valueRequired":true,"valueName":"search_term_string"}}],"inLanguage":"es"}]}},"_links":{"self":[{"href":"https:\/\/www.escolamafalda.cat\/es\/wp-json\/wp\/v2\/pages\/1218","targetHints":{"allow":["GET"]}}],"collection":[{"href":"https:\/\/www.escolamafalda.cat\/es\/wp-json\/wp\/v2\/pages"}],"about":[{"href":"https:\/\/www.escolamafalda.cat\/es\/wp-json\/wp\/v2\/types\/page"}],"author":[{"embeddable":true,"href":"https:\/\/www.escolamafalda.cat\/es\/wp-json\/wp\/v2\/users\/1"}],"replies":[{"embeddable":true,"href":"https:\/\/www.escolamafalda.cat\/es\/wp-json\/wp\/v2\/comments?post=1218"}],"version-history":[{"count":28,"href":"https:\/\/www.escolamafalda.cat\/es\/wp-json\/wp\/v2\/pages\/1218\/revisions"}],"predecessor-version":[{"id":2903,"href":"https:\/\/www.escolamafalda.cat\/es\/wp-json\/wp\/v2\/pages\/1218\/revisions\/2903"}],"up":[{"embeddable":true,"href":"https:\/\/www.escolamafalda.cat\/es\/wp-json\/wp\/v2\/pages\/1136"}],"wp:attachment":[{"href":"https:\/\/www.escolamafalda.cat\/es\/wp-json\/wp\/v2\/media?parent=1218"}],"curies":[{"name":"wp","href":"https:\/\/api.w.org\/{rel}","templated":true}]}}